{"id":1000,"date":"2026-03-15T17:48:41","date_gmt":"2026-03-15T17:48:41","guid":{"rendered":"https:\/\/yinbyjennajulia.com\/?page_id=1000"},"modified":"2026-03-16T10:01:58","modified_gmt":"2026-03-16T10:01:58","slug":"joogatunnit","status":"publish","type":"page","link":"https:\/\/yinbyjennajulia.com\/en\/joogatunnit\/","title":{"rendered":"Joogatunnit"},"content":{"rendered":"<div data-elementor-type=\"wp-page\" data-elementor-id=\"1000\" class=\"elementor elementor-1000\" data-elementor-post-type=\"page\">\n\t\t\t\t<div class=\"elementor-element elementor-element-212e6458 e-flex e-con-boxed e-con e-parent\" data-id=\"212e6458\" data-element_type=\"container\" data-settings=\"{&quot;background_background&quot;:&quot;classic&quot;}\">\n\t\t\t\t\t<div class=\"e-con-inner\">\n\t\t<div class=\"elementor-element elementor-element-557ec475 e-con-full e-flex e-con e-child\" data-id=\"557ec475\" data-element_type=\"container\">\n\t\t\t\t<div class=\"elementor-element elementor-element-6f7e6a8d elementor-widget elementor-widget-heading\" data-id=\"6f7e6a8d\" data-element_type=\"widget\" data-widget_type=\"heading.default\">\n\t\t\t\t<div class=\"elementor-widget-container\">\n\t\t\t\t\t<h2 class=\"elementor-heading-title elementor-size-default\">Joogatunnit<\/h2>\t\t\t\t<\/div>\n\t\t\t\t<\/div>\n\t\t\t\t<div class=\"elementor-element elementor-element-1d4f266b elementor-widget elementor-widget-text-editor\" data-id=\"1d4f266b\" data-element_type=\"widget\" data-widget_type=\"text-editor.default\">\n\t\t\t\t<div class=\"elementor-widget-container\">\n\t\t\t\t\t\t\t\t\t<p>Tarjoan rauhoittavia yinjoogatunteja yrityksille, hyvinvointip\u00e4iviin sek\u00e4 erilaisiin yksityisiin tapahtumiin.<\/p><p>Yinjooga on lempe\u00e4 ja palauttava joogamuoto, jossa asanoissa viivyt\u00e4\u00e4n pidemp\u00e4\u00e4n. Harjoitus auttaa kehoa rentoutumaan, lis\u00e4\u00e4 liikkuvuutta sek\u00e4 rauhoittaa mielt\u00e4.<\/p><p>Yinjooga sopii esimerkiksi:<\/p><ul><li>yritysten hyvinvointip\u00e4iviin<\/li><li>ty\u00f6hyvinvointi- ja tiimitapahtumiin<\/li><li>yksityisiin tilaisuuksiin (esim. polttarit)<\/li><li>pienryhmille<\/li><li>kotik\u00e4ynneille<\/li><\/ul><p>Joogatunti voidaan r\u00e4\u00e4t\u00e4l\u00f6id\u00e4 osallistujien tason ja tapahtuman luonteen mukaan.<\/p><p>Tarjoan joogatunteja Tampereella ja l\u00e4hialueilla yrityksille, ryhmille ja yksityishenkil\u00f6ille. Sopimuksen mukaan my\u00f6s muualla Suomessa.<\/p><p>Kysy lis\u00e4\u00e4 ja pyyd\u00e4 tarjous s\u00e4hk\u00f6postitse\u00a0<a href=\"mailto:info@yinbyjennajulia.com\" data-wplink-edit=\"true\"><span style=\"text-decoration: underline;\">here<\/span><\/a>.<\/p>\t\t\t\t\t\t\t\t<\/div>\n\t\t\t\t<\/div>\n\t\t\t\t<\/div>\n\t\t<div class=\"elementor-element elementor-element-13fe836e e-con-full e-flex e-con e-child\" data-id=\"13fe836e\" data-element_type=\"container\">\n\t\t\t\t<div class=\"elementor-element elementor-element-407c5c89 elementor-widget elementor-widget-image\" data-id=\"407c5c89\" data-element_type=\"widget\" data-widget_type=\"image.default\">\n\t\t\t\t<div class=\"elementor-widget-container\">\n\t\t\t\t\t\t\t\t\t\t\t\t\t\t\t<img fetchpriority=\"high\" decoding=\"async\" width=\"768\" height=\"1024\" src=\"https:\/\/yinbyjennajulia.com\/wp-content\/uploads\/2025\/07\/P1130654-768x1024.jpg\" class=\"attachment-large size-large wp-image-580\" alt=\"\" srcset=\"https:\/\/yinbyjennajulia.com\/wp-content\/uploads\/2025\/07\/P1130654-768x1024.jpg 768w, https:\/\/yinbyjennajulia.com\/wp-content\/uploads\/2025\/07\/P1130654-225x300.jpg 225w, https:\/\/yinbyjennajulia.com\/wp-content\/uploads\/2025\/07\/P1130654-1152x1536.jpg 1152w, https:\/\/yinbyjennajulia.com\/wp-content\/uploads\/2025\/07\/P1130654-1536x2048.jpg 1536w, https:\/\/yinbyjennajulia.com\/wp-content\/uploads\/2025\/07\/P1130654-9x12.jpg 9w, https:\/\/yinbyjennajulia.com\/wp-content\/uploads\/2025\/07\/P1130654-scaled.jpg 1920w\" sizes=\"(max-width: 768px) 100vw, 768px\" \/>\t\t\t\t\t\t\t\t\t\t\t\t\t\t\t<\/div>\n\t\t\t\t<\/div>\n\t\t\t\t<\/div>\n\t\t\t\t\t<\/div>\n\t\t\t\t<\/div>\n\t\t<div class=\"elementor-element elementor-element-603984ed e-flex e-con-boxed e-con e-parent\" data-id=\"603984ed\" data-element_type=\"container\" data-settings=\"{&quot;background_background&quot;:&quot;classic&quot;}\">\n\t\t\t\t\t<div class=\"e-con-inner\">\n\t\t<div class=\"elementor-element elementor-element-7b0dd481 e-con-full e-flex e-con e-child\" data-id=\"7b0dd481\" data-element_type=\"container\">\n\t\t\t\t<div class=\"elementor-element elementor-element-187a5495 elementor-widget elementor-widget-text-editor\" data-id=\"187a5495\" data-element_type=\"widget\" data-widget_type=\"text-editor.default\">\n\t\t\t\t<div class=\"elementor-widget-container\">\n\t\t\t\t\t\t\t\t\t<p>\u00a0<\/p><p>Kokemuksia joogatunneilta:<\/p><p class=\"p1\">\u201cJennan tunnilla oli lempe\u00e4 ja rauhallinen tunnelma, jossa sai olla t\u00e4ysin omana itsen\u00e4\u00e4n. P\u00e4\u00e4sin uppoutumaan omaan kuplaani ja olemaan l\u00e4sn\u00e4 vain itse\u00e4ni varten. Ihana viikonaloitus!<span class=\"s1\">\u2728<\/span>\u201d<\/p><p>&#8221;Jennalla on rauhoittava ja lempe\u00e4 \u00e4\u00e4ni, joka sopii t\u00e4ydellisesti yinjoogaan. Tunsin oloni hyvin turvalliseksi ja tervetulleeksi tilassa, jonka h\u00e4n loi. Jennan energia on harvinaisen rauhallinen ja h\u00e4nen tuntinsa tuntui suorastaan taianomaiselta.&#8221;<\/p><p>&#8221;Jenna on hyvin maadoittava, l\u00e4mmin ja ihana ihminen. Yinjoogatunti oli kokonaisvaltaisesti erityinen kokemus. Tunsin oloni turvalliseksi ja pystyin p\u00e4\u00e4st\u00e4m\u00e4\u00e4n irti negatiivisista tunteista sek\u00e4 antamaan kehon ja mielen rentoutua.&#8221;<\/p>\t\t\t\t\t\t\t\t<\/div>\n\t\t\t\t<\/div>\n\t\t\t\t<\/div>\n\t\t\t\t\t<\/div>\n\t\t\t\t<\/div>\n\t\t\t\t<\/div>","protected":false},"excerpt":{"rendered":"<p>Joogatunnit Tarjoan rauhoittavia yinjoogatunteja yrityksille, hyvinvointip\u00e4iviin sek\u00e4 erilaisiin yksityisiin tapahtumiin. Yinjooga on lempe\u00e4 ja palauttava joogamuoto, jossa asanoissa viivyt\u00e4\u00e4n pidemp\u00e4\u00e4n. Harjoitus auttaa kehoa rentoutumaan, lis\u00e4\u00e4 liikkuvuutta sek\u00e4 rauhoittaa mielt\u00e4. Yinjooga sopii esimerkiksi: yritysten hyvinvointip\u00e4iviin ty\u00f6hyvinvointi- ja tiimitapahtumiin yksityisiin tilaisuuksiin (esim. polttarit) pienryhmille kotik\u00e4ynneille Joogatunti voidaan r\u00e4\u00e4t\u00e4l\u00f6id\u00e4 osallistujien tason ja tapahtuman luonteen mukaan. Tarjoan joogatunteja Tampereella [&hellip;]<\/p>","protected":false},"author":2,"featured_media":0,"parent":0,"menu_order":0,"comment_status":"closed","ping_status":"closed","template":"","meta":{"footnotes":""},"class_list":["post-1000","page","type-page","status-publish","hentry"],"yoast_head":"<!-- This site is optimized with the Yoast SEO plugin v24.7 - https:\/\/yoast.com\/wordpress\/plugins\/seo\/ -->\n<title>Joogatunnit - Yin by Jenna Julia<\/title>\n<meta name=\"robots\" content=\"index, follow, max-snippet:-1, max-image-preview:large, max-video-preview:-1\" \/>\n<link rel=\"canonical\" href=\"https:\/\/yinbyjennajulia.com\/en\/joogatunnit\/\" \/>\n<meta property=\"og:locale\" content=\"en_GB\" \/>\n<meta property=\"og:type\" content=\"article\" \/>\n<meta property=\"og:title\" content=\"Joogatunnit - Yin by Jenna Julia\" \/>\n<meta property=\"og:description\" content=\"Joogatunnit Tarjoan rauhoittavia yinjoogatunteja yrityksille, hyvinvointip\u00e4iviin sek\u00e4 erilaisiin yksityisiin tapahtumiin. Yinjooga on lempe\u00e4 ja palauttava joogamuoto, jossa asanoissa viivyt\u00e4\u00e4n pidemp\u00e4\u00e4n. Harjoitus auttaa kehoa rentoutumaan, lis\u00e4\u00e4 liikkuvuutta sek\u00e4 rauhoittaa mielt\u00e4. Yinjooga sopii esimerkiksi: yritysten hyvinvointip\u00e4iviin ty\u00f6hyvinvointi- ja tiimitapahtumiin yksityisiin tilaisuuksiin (esim. polttarit) pienryhmille kotik\u00e4ynneille Joogatunti voidaan r\u00e4\u00e4t\u00e4l\u00f6id\u00e4 osallistujien tason ja tapahtuman luonteen mukaan. Tarjoan joogatunteja Tampereella [&hellip;]\" \/>\n<meta property=\"og:url\" content=\"https:\/\/yinbyjennajulia.com\/en\/joogatunnit\/\" \/>\n<meta property=\"og:site_name\" content=\"Yin by Jenna Julia\" \/>\n<meta property=\"article:modified_time\" content=\"2026-03-16T10:01:58+00:00\" \/>\n<meta property=\"og:image\" content=\"https:\/\/yinbyjennajulia.com\/wp-content\/uploads\/2025\/07\/P1130654-scaled.jpg\" \/>\n\t<meta property=\"og:image:width\" content=\"1920\" \/>\n\t<meta property=\"og:image:height\" content=\"2560\" \/>\n\t<meta property=\"og:image:type\" content=\"image\/jpeg\" \/>\n<meta name=\"twitter:card\" content=\"summary_large_image\" \/>\n<meta name=\"twitter:label1\" content=\"Estimated reading time\" \/>\n\t<meta name=\"twitter:data1\" content=\"2 minutes\" \/>\n<script type=\"application\/ld+json\" class=\"yoast-schema-graph\">{\"@context\":\"https:\/\/schema.org\",\"@graph\":[{\"@type\":\"WebPage\",\"@id\":\"https:\/\/yinbyjennajulia.com\/joogatunnit\/\",\"url\":\"https:\/\/yinbyjennajulia.com\/joogatunnit\/\",\"name\":\"Joogatunnit - Yin by Jenna Julia\",\"isPartOf\":{\"@id\":\"https:\/\/yinbyjennajulia.com\/#website\"},\"primaryImageOfPage\":{\"@id\":\"https:\/\/yinbyjennajulia.com\/joogatunnit\/#primaryimage\"},\"image\":{\"@id\":\"https:\/\/yinbyjennajulia.com\/joogatunnit\/#primaryimage\"},\"thumbnailUrl\":\"https:\/\/yinbyjennajulia.com\/wp-content\/uploads\/2025\/07\/P1130654-768x1024.jpg\",\"datePublished\":\"2026-03-15T17:48:41+00:00\",\"dateModified\":\"2026-03-16T10:01:58+00:00\",\"breadcrumb\":{\"@id\":\"https:\/\/yinbyjennajulia.com\/joogatunnit\/#breadcrumb\"},\"inLanguage\":\"en-GB\",\"potentialAction\":[{\"@type\":\"ReadAction\",\"target\":[\"https:\/\/yinbyjennajulia.com\/joogatunnit\/\"]}]},{\"@type\":\"ImageObject\",\"inLanguage\":\"en-GB\",\"@id\":\"https:\/\/yinbyjennajulia.com\/joogatunnit\/#primaryimage\",\"url\":\"https:\/\/yinbyjennajulia.com\/wp-content\/uploads\/2025\/07\/P1130654-768x1024.jpg\",\"contentUrl\":\"https:\/\/yinbyjennajulia.com\/wp-content\/uploads\/2025\/07\/P1130654-768x1024.jpg\"},{\"@type\":\"BreadcrumbList\",\"@id\":\"https:\/\/yinbyjennajulia.com\/joogatunnit\/#breadcrumb\",\"itemListElement\":[{\"@type\":\"ListItem\",\"position\":1,\"name\":\"Home\",\"item\":\"https:\/\/yinbyjennajulia.com\/\"},{\"@type\":\"ListItem\",\"position\":2,\"name\":\"Joogatunnit\"}]},{\"@type\":\"WebSite\",\"@id\":\"https:\/\/yinbyjennajulia.com\/#website\",\"url\":\"https:\/\/yinbyjennajulia.com\/\",\"name\":\"Yin by Jenna Julia\",\"description\":\"Joogaretriitit\",\"publisher\":{\"@id\":\"https:\/\/yinbyjennajulia.com\/#organization\"},\"potentialAction\":[{\"@type\":\"SearchAction\",\"target\":{\"@type\":\"EntryPoint\",\"urlTemplate\":\"https:\/\/yinbyjennajulia.com\/?s={search_term_string}\"},\"query-input\":{\"@type\":\"PropertyValueSpecification\",\"valueRequired\":true,\"valueName\":\"search_term_string\"}}],\"inLanguage\":\"en-GB\"},{\"@type\":\"Organization\",\"@id\":\"https:\/\/yinbyjennajulia.com\/#organization\",\"name\":\"Yin by Jenna Julia\",\"url\":\"https:\/\/yinbyjennajulia.com\/\",\"logo\":{\"@type\":\"ImageObject\",\"inLanguage\":\"en-GB\",\"@id\":\"https:\/\/yinbyjennajulia.com\/#\/schema\/logo\/image\/\",\"url\":\"https:\/\/yinbyjennajulia.com\/wp-content\/uploads\/2025\/02\/Nimeton-malli-2025-02-19T094355.680.png\",\"contentUrl\":\"https:\/\/yinbyjennajulia.com\/wp-content\/uploads\/2025\/02\/Nimeton-malli-2025-02-19T094355.680.png\",\"width\":3125,\"height\":625,\"caption\":\"Yin by Jenna Julia\"},\"image\":{\"@id\":\"https:\/\/yinbyjennajulia.com\/#\/schema\/logo\/image\/\"}}]}<\/script>\n<!-- \/ Yoast SEO plugin. -->","yoast_head_json":{"title":"Joogatunnit - Yin by Jenna Julia","robots":{"index":"index","follow":"follow","max-snippet":"max-snippet:-1","max-image-preview":"max-image-preview:large","max-video-preview":"max-video-preview:-1"},"canonical":"https:\/\/yinbyjennajulia.com\/en\/joogatunnit\/","og_locale":"en_GB","og_type":"article","og_title":"Joogatunnit - Yin by Jenna Julia","og_description":"Joogatunnit Tarjoan rauhoittavia yinjoogatunteja yrityksille, hyvinvointip\u00e4iviin sek\u00e4 erilaisiin yksityisiin tapahtumiin. Yinjooga on lempe\u00e4 ja palauttava joogamuoto, jossa asanoissa viivyt\u00e4\u00e4n pidemp\u00e4\u00e4n. Harjoitus auttaa kehoa rentoutumaan, lis\u00e4\u00e4 liikkuvuutta sek\u00e4 rauhoittaa mielt\u00e4. Yinjooga sopii esimerkiksi: yritysten hyvinvointip\u00e4iviin ty\u00f6hyvinvointi- ja tiimitapahtumiin yksityisiin tilaisuuksiin (esim. polttarit) pienryhmille kotik\u00e4ynneille Joogatunti voidaan r\u00e4\u00e4t\u00e4l\u00f6id\u00e4 osallistujien tason ja tapahtuman luonteen mukaan. Tarjoan joogatunteja Tampereella [&hellip;]","og_url":"https:\/\/yinbyjennajulia.com\/en\/joogatunnit\/","og_site_name":"Yin by Jenna Julia","article_modified_time":"2026-03-16T10:01:58+00:00","og_image":[{"width":1920,"height":2560,"url":"https:\/\/yinbyjennajulia.com\/wp-content\/uploads\/2025\/07\/P1130654-scaled.jpg","type":"image\/jpeg"}],"twitter_card":"summary_large_image","twitter_misc":{"Estimated reading time":"2 minutes"},"schema":{"@context":"https:\/\/schema.org","@graph":[{"@type":"WebPage","@id":"https:\/\/yinbyjennajulia.com\/joogatunnit\/","url":"https:\/\/yinbyjennajulia.com\/joogatunnit\/","name":"Joogatunnit - Yin by Jenna Julia","isPartOf":{"@id":"https:\/\/yinbyjennajulia.com\/#website"},"primaryImageOfPage":{"@id":"https:\/\/yinbyjennajulia.com\/joogatunnit\/#primaryimage"},"image":{"@id":"https:\/\/yinbyjennajulia.com\/joogatunnit\/#primaryimage"},"thumbnailUrl":"https:\/\/yinbyjennajulia.com\/wp-content\/uploads\/2025\/07\/P1130654-768x1024.jpg","datePublished":"2026-03-15T17:48:41+00:00","dateModified":"2026-03-16T10:01:58+00:00","breadcrumb":{"@id":"https:\/\/yinbyjennajulia.com\/joogatunnit\/#breadcrumb"},"inLanguage":"en-GB","potentialAction":[{"@type":"ReadAction","target":["https:\/\/yinbyjennajulia.com\/joogatunnit\/"]}]},{"@type":"ImageObject","inLanguage":"en-GB","@id":"https:\/\/yinbyjennajulia.com\/joogatunnit\/#primaryimage","url":"https:\/\/yinbyjennajulia.com\/wp-content\/uploads\/2025\/07\/P1130654-768x1024.jpg","contentUrl":"https:\/\/yinbyjennajulia.com\/wp-content\/uploads\/2025\/07\/P1130654-768x1024.jpg"},{"@type":"BreadcrumbList","@id":"https:\/\/yinbyjennajulia.com\/joogatunnit\/#breadcrumb","itemListElement":[{"@type":"ListItem","position":1,"name":"Home","item":"https:\/\/yinbyjennajulia.com\/"},{"@type":"ListItem","position":2,"name":"Joogatunnit"}]},{"@type":"WebSite","@id":"https:\/\/yinbyjennajulia.com\/#website","url":"https:\/\/yinbyjennajulia.com\/","name":"Yin by Jenna Julia","description":"Joogaretriitit","publisher":{"@id":"https:\/\/yinbyjennajulia.com\/#organization"},"potentialAction":[{"@type":"SearchAction","target":{"@type":"EntryPoint","urlTemplate":"https:\/\/yinbyjennajulia.com\/?s={search_term_string}"},"query-input":{"@type":"PropertyValueSpecification","valueRequired":true,"valueName":"search_term_string"}}],"inLanguage":"en-GB"},{"@type":"Organization","@id":"https:\/\/yinbyjennajulia.com\/#organization","name":"Yin by Jenna Julia","url":"https:\/\/yinbyjennajulia.com\/","logo":{"@type":"ImageObject","inLanguage":"en-GB","@id":"https:\/\/yinbyjennajulia.com\/#\/schema\/logo\/image\/","url":"https:\/\/yinbyjennajulia.com\/wp-content\/uploads\/2025\/02\/Nimeton-malli-2025-02-19T094355.680.png","contentUrl":"https:\/\/yinbyjennajulia.com\/wp-content\/uploads\/2025\/02\/Nimeton-malli-2025-02-19T094355.680.png","width":3125,"height":625,"caption":"Yin by Jenna Julia"},"image":{"@id":"https:\/\/yinbyjennajulia.com\/#\/schema\/logo\/image\/"}}]}},"_links":{"self":[{"href":"https:\/\/yinbyjennajulia.com\/en\/wp-json\/wp\/v2\/pages\/1000","targetHints":{"allow":["GET"]}}],"collection":[{"href":"https:\/\/yinbyjennajulia.com\/en\/wp-json\/wp\/v2\/pages"}],"about":[{"href":"https:\/\/yinbyjennajulia.com\/en\/wp-json\/wp\/v2\/types\/page"}],"author":[{"embeddable":true,"href":"https:\/\/yinbyjennajulia.com\/en\/wp-json\/wp\/v2\/users\/2"}],"replies":[{"embeddable":true,"href":"https:\/\/yinbyjennajulia.com\/en\/wp-json\/wp\/v2\/comments?post=1000"}],"version-history":[{"count":13,"href":"https:\/\/yinbyjennajulia.com\/en\/wp-json\/wp\/v2\/pages\/1000\/revisions"}],"predecessor-version":[{"id":1053,"href":"https:\/\/yinbyjennajulia.com\/en\/wp-json\/wp\/v2\/pages\/1000\/revisions\/1053"}],"wp:attachment":[{"href":"https:\/\/yinbyjennajulia.com\/en\/wp-json\/wp\/v2\/media?parent=1000"}],"curies":[{"name":"wp","href":"https:\/\/api.w.org\/{rel}","templated":true}]}}