{"id":1043,"date":"2026-03-16T09:51:34","date_gmt":"2026-03-16T09:51:34","guid":{"rendered":"https:\/\/yinbyjennajulia.com\/?page_id=1043"},"modified":"2026-04-01T12:32:32","modified_gmt":"2026-04-01T12:32:32","slug":"tapahtumat","status":"publish","type":"page","link":"https:\/\/yinbyjennajulia.com\/en\/tapahtumat\/","title":{"rendered":"Tapahtumat"},"content":{"rendered":"<div data-elementor-type=\"wp-page\" data-elementor-id=\"1043\" class=\"elementor elementor-1043\" data-elementor-post-type=\"page\">\n\t\t\t\t<div class=\"elementor-element elementor-element-28a2415a e-flex e-con-boxed e-con e-parent\" data-id=\"28a2415a\" data-element_type=\"container\" data-settings=\"{&quot;background_background&quot;:&quot;classic&quot;}\">\n\t\t\t\t\t<div class=\"e-con-inner\">\n\t\t<div class=\"elementor-element elementor-element-7d2cd215 e-con-full e-flex e-con e-child\" data-id=\"7d2cd215\" data-element_type=\"container\">\n\t\t\t\t<div class=\"elementor-element elementor-element-5c871402 elementor-widget elementor-widget-heading\" data-id=\"5c871402\" data-element_type=\"widget\" data-widget_type=\"heading.default\">\n\t\t\t\t<div class=\"elementor-widget-container\">\n\t\t\t\t\t<h2 class=\"elementor-heading-title elementor-size-default\">Tulevat tapahtumat<\/h2>\t\t\t\t<\/div>\n\t\t\t\t<\/div>\n\t\t\t\t<div class=\"elementor-element elementor-element-5cc2f16f elementor-widget elementor-widget-text-editor\" data-id=\"5cc2f16f\" data-element_type=\"widget\" data-widget_type=\"text-editor.default\">\n\t\t\t\t<div class=\"elementor-widget-container\">\n\t\t\t\t\t\t\t\t\t<p class=\"p1\"><b>Elon N\u00e4kyj\u00e4 -ilta 15.4. Tampereella <span class=\"s2\">\ud83d\udcab<\/span><\/b><\/p><p class=\"p1\">Tervetuloa piiriin kuulemaan ja keskustelemaan aiheesta entiset el\u00e4m\u00e4t <span class=\"s1\">\ud83e\udd0d<\/span><\/p><p class=\"p1\"><i>Ilta sinulle, joka olet kiinnostunut avartamaan ymm\u00e4rryst\u00e4si entisist\u00e4 el\u00e4mist\u00e4 ja siit\u00e4, miten ne voivat n\u00e4ytt\u00e4yty\u00e4 t\u00e4ss\u00e4 el\u00e4m\u00e4ss\u00e4si <\/i><span class=\"s1\">\ud83e\ude9e <\/span>Saat halutessasi vain vastaanottaa, jakamiselle ei ole painetta <span class=\"s2\">\ud83d\udcab<\/span><\/p><p class=\"p1\">Piirin p\u00e4\u00e4tteeksi saat lev\u00e4ht\u00e4\u00e4 l\u00e4mpim\u00e4ll\u00e4 matolla ja vastaanottaa syv\u00e4rentouttavan \u00e4\u00e4nimaljahoidon <span class=\"s2\">\u2601\ufe0f\u2728<\/span><\/p><p class=\"p1\">Ei ole sattumaa, ett\u00e4 olen l\u00f6yt\u00e4nyt tieni juuri Elontilaan <span class=\"s2\">\ud83d\udcab<\/span> Ihana tavata sinut siell\u00e4!<\/p><p class=\"p1\">Olet tervetullut juuri sellaisena kuin olet <span class=\"s1\">\ud83e\udd0d<\/span><\/p><p class=\"p1\"><span class=\"s2\">\ud83d\uddd3\ufe0f<\/span> Keskiviikkona 15.4.2026 klo 18-19.30<\/p><p class=\"p1\"><span class=\"s2\">\ud83d\udccd<\/span>Elontila, Ilmarinkatu 39, Tampere<\/p><p class=\"p1\"><span class=\"s2\">\ud83c\udf9f\ufe0f<\/span> Hinta 25\u20ac (sis. alv)<\/p><p class=\"p1\">Tarjolla l\u00e4mmint\u00e4 teet\u00e4 ja pient\u00e4 naposteltavaa <span class=\"s2\">\ud83c\udf3f<\/span><\/p><p class=\"p1\">Ilmoittaudu s\u00e4hk\u00f6postitse <a href=\"mailto:info@yinbyjennajulia.com\"><span style=\"text-decoration: underline;\">here<\/span><\/a> <span class=\"s2\">\ud83d\udc8c<\/span><\/p>\t\t\t\t\t\t\t\t<\/div>\n\t\t\t\t<\/div>\n\t\t\t\t<\/div>\n\t\t<div class=\"elementor-element elementor-element-a3e8b2c e-con-full e-flex e-con e-child\" data-id=\"a3e8b2c\" data-element_type=\"container\">\n\t\t\t\t<div class=\"elementor-element elementor-element-3b2ab6c elementor-widget elementor-widget-image\" data-id=\"3b2ab6c\" data-element_type=\"widget\" data-widget_type=\"image.default\">\n\t\t\t\t<div class=\"elementor-widget-container\">\n\t\t\t\t\t\t\t\t\t\t\t\t\t\t\t<img fetchpriority=\"high\" decoding=\"async\" width=\"768\" height=\"1024\" src=\"https:\/\/yinbyjennajulia.com\/wp-content\/uploads\/2026\/04\/IMG_4007-768x1024.jpg\" class=\"attachment-large size-large wp-image-1087\" alt=\"\" srcset=\"https:\/\/yinbyjennajulia.com\/wp-content\/uploads\/2026\/04\/IMG_4007-768x1024.jpg 768w, https:\/\/yinbyjennajulia.com\/wp-content\/uploads\/2026\/04\/IMG_4007-225x300.jpg 225w, https:\/\/yinbyjennajulia.com\/wp-content\/uploads\/2026\/04\/IMG_4007-1152x1536.jpg 1152w, https:\/\/yinbyjennajulia.com\/wp-content\/uploads\/2026\/04\/IMG_4007-1536x2048.jpg 1536w, https:\/\/yinbyjennajulia.com\/wp-content\/uploads\/2026\/04\/IMG_4007-9x12.jpg 9w, https:\/\/yinbyjennajulia.com\/wp-content\/uploads\/2026\/04\/IMG_4007-scaled.jpg 1920w\" sizes=\"(max-width: 768px) 100vw, 768px\" \/>\t\t\t\t\t\t\t\t\t\t\t\t\t\t\t<\/div>\n\t\t\t\t<\/div>\n\t\t\t\t<\/div>\n\t\t\t\t\t<\/div>\n\t\t\t\t<\/div>\n\t\t<div class=\"elementor-element elementor-element-40865c0c e-flex e-con-boxed e-con e-parent\" data-id=\"40865c0c\" data-element_type=\"container\" data-settings=\"{&quot;background_background&quot;:&quot;classic&quot;}\">\n\t\t\t\t\t<div class=\"e-con-inner\">\n\t\t<div class=\"elementor-element elementor-element-45282068 e-con-full e-flex e-con e-child\" data-id=\"45282068\" data-element_type=\"container\">\n\t\t\t\t<div class=\"elementor-element elementor-element-7aa314cf elementor-widget elementor-widget-text-editor\" data-id=\"7aa314cf\" data-element_type=\"widget\" data-widget_type=\"text-editor.default\">\n\t\t\t\t<div class=\"elementor-widget-container\">\n\t\t\t\t\t\t\t\t\t<p><b>Lempeyden \u00e4\u00e4nihoitomatkat\u00a0 28.3. Keravalla <span class=\"s2\">\ud83d\udcab<\/span><\/b><\/p><p class=\"p1\">Tervetuloa Lempeyden \u00e4\u00e4nihoitomatkalle, jossa yhdistyv\u00e4t harmonisesti kristalli\u00e4\u00e4nimaljat ja muut hoitavat instrumentit sek\u00e4 laulaja Roosan kaunis \u00e4\u00e4ni <span class=\"s1\">\ud83d\udc95<\/span><\/p><p class=\"p1\">Jenna on sielukas \u00e4\u00e4nimaljahoitaja, jonka energia on maadoittavaa ja rauhoittavaa. Jenna soittaa hoitavia instrumentteja lempe\u00e4n intuitiivisesti.<span class=\"s1\">\u2728<\/span><\/p><p class=\"p1\">ROOSA on artisti, laulaja-lauluntekij\u00e4, jonka \u00e4\u00e4ni on ainutlaatuisella tavalla hoitava. Lempeyden \u00e4\u00e4nihoitomatkassa h\u00e4n k\u00e4ytt\u00e4\u00e4 \u00e4\u00e4nt\u00e4\u00e4n intuitiivisesti, samalla soittaen \u00e4\u00e4nimaljoja.<span class=\"s1\">\u2728<\/span><\/p><p class=\"p1\">Tule kokemaan Lempeyden matka pieness\u00e4 rauhallisessa ryhm\u00e4ss\u00e4 <span class=\"s2\">\ud83e\ude77<\/span> Pid\u00e4mme ryhm\u00e4n koon intiimin\u00e4 j\u00e4rjest\u00e4m\u00e4ll\u00e4 kaksi erillist\u00e4 matkaa <span class=\"s1\">\ud83d\udcab<\/span><\/p><p class=\"p1\">Tarjolla pient\u00e4 maukasta purtavaa <span class=\"s1\">\ud83d\udc95<\/span><\/p><p class=\"p1\">Aika lauantaina 28.3.<\/p><p class=\"p1\">klo 14-15.30\u00a0 \u00a0ja\u00a0 \u00a0klo 17-18.30<\/p><p class=\"p1\"><span class=\"s1\">\ud83d\udccd<\/span>Kotistudio, Koulukuja 5 A 42, Kerava<\/p><p class=\"p1\"><span class=\"s1\">\ud83c\udf9f\ufe0f<\/span> Hinta 36\u20ac (sis. alv)<\/p><p class=\"p1\">Ilmoittaudu s\u00e4hk\u00f6postitse <a href=\"mailto:info@yinbyjennajulia.com\" data-wplink-edit=\"true\"><span style=\"text-decoration: underline;\">here<\/span><\/a> <span class=\"s1\">\ud83d\udcab<\/span><\/p><p class=\"p1\">Tavataan lempeyden merkeiss\u00e4! <span class=\"s1\">\ud83d\udc95<\/span><\/p>\t\t\t\t\t\t\t\t<\/div>\n\t\t\t\t<\/div>\n\t\t\t\t<\/div>\n\t\t<div class=\"elementor-element elementor-element-4bb93fb2 e-con-full e-flex e-con e-child\" data-id=\"4bb93fb2\" data-element_type=\"container\">\n\t\t\t\t<div class=\"elementor-element elementor-element-47b6752c elementor-widget elementor-widget-image\" data-id=\"47b6752c\" data-element_type=\"widget\" data-widget_type=\"image.default\">\n\t\t\t\t<div class=\"elementor-widget-container\">\n\t\t\t\t\t\t\t\t\t\t\t\t\t\t\t<img decoding=\"async\" width=\"800\" height=\"1000\" src=\"https:\/\/yinbyjennajulia.com\/wp-content\/uploads\/2026\/03\/bc21be30-798f-4f80-93d1-08de95ee5250-819x1024.jpg\" class=\"attachment-large size-large wp-image-1047\" alt=\"\" srcset=\"https:\/\/yinbyjennajulia.com\/wp-content\/uploads\/2026\/03\/bc21be30-798f-4f80-93d1-08de95ee5250-819x1024.jpg 819w, https:\/\/yinbyjennajulia.com\/wp-content\/uploads\/2026\/03\/bc21be30-798f-4f80-93d1-08de95ee5250-240x300.jpg 240w, https:\/\/yinbyjennajulia.com\/wp-content\/uploads\/2026\/03\/bc21be30-798f-4f80-93d1-08de95ee5250-768x960.jpg 768w, https:\/\/yinbyjennajulia.com\/wp-content\/uploads\/2026\/03\/bc21be30-798f-4f80-93d1-08de95ee5250-10x12.jpg 10w, https:\/\/yinbyjennajulia.com\/wp-content\/uploads\/2026\/03\/bc21be30-798f-4f80-93d1-08de95ee5250.jpg 1080w\" sizes=\"(max-width: 800px) 100vw, 800px\" \/>\t\t\t\t\t\t\t\t\t\t\t\t\t\t\t<\/div>\n\t\t\t\t<\/div>\n\t\t\t\t<\/div>\n\t\t\t\t\t<\/div>\n\t\t\t\t<\/div>\n\t\t\t\t<\/div>","protected":false},"excerpt":{"rendered":"<p>Tulevat tapahtumat Elon N\u00e4kyj\u00e4 -ilta 15.4. Tampereella \ud83d\udcab Tervetuloa piiriin kuulemaan ja keskustelemaan aiheesta entiset el\u00e4m\u00e4t \ud83e\udd0d Ilta sinulle, joka olet kiinnostunut avartamaan ymm\u00e4rryst\u00e4si entisist\u00e4 el\u00e4mist\u00e4 ja siit\u00e4, miten ne voivat n\u00e4ytt\u00e4yty\u00e4 t\u00e4ss\u00e4 el\u00e4m\u00e4ss\u00e4si \ud83e\ude9e Saat halutessasi vain vastaanottaa, jakamiselle ei ole painetta \ud83d\udcab Piirin p\u00e4\u00e4tteeksi saat lev\u00e4ht\u00e4\u00e4 l\u00e4mpim\u00e4ll\u00e4 matolla ja vastaanottaa syv\u00e4rentouttavan \u00e4\u00e4nimaljahoidon \u2601\ufe0f\u2728 [&hellip;]<\/p>","protected":false},"author":2,"featured_media":0,"parent":0,"menu_order":0,"comment_status":"closed","ping_status":"closed","template":"","meta":{"footnotes":""},"class_list":["post-1043","page","type-page","status-publish","hentry"],"yoast_head":"<!-- This site is optimized with the Yoast SEO plugin v24.7 - https:\/\/yoast.com\/wordpress\/plugins\/seo\/ -->\n<title>Tapahtumat - Yin by Jenna Julia<\/title>\n<meta name=\"robots\" content=\"index, follow, max-snippet:-1, max-image-preview:large, max-video-preview:-1\" \/>\n<link rel=\"canonical\" href=\"https:\/\/yinbyjennajulia.com\/en\/tapahtumat\/\" \/>\n<meta property=\"og:locale\" content=\"en_GB\" \/>\n<meta property=\"og:type\" content=\"article\" \/>\n<meta property=\"og:title\" content=\"Tapahtumat - Yin by Jenna Julia\" \/>\n<meta property=\"og:description\" content=\"Tulevat tapahtumat Elon N\u00e4kyj\u00e4 -ilta 15.4. Tampereella \ud83d\udcab Tervetuloa piiriin kuulemaan ja keskustelemaan aiheesta entiset el\u00e4m\u00e4t \ud83e\udd0d Ilta sinulle, joka olet kiinnostunut avartamaan ymm\u00e4rryst\u00e4si entisist\u00e4 el\u00e4mist\u00e4 ja siit\u00e4, miten ne voivat n\u00e4ytt\u00e4yty\u00e4 t\u00e4ss\u00e4 el\u00e4m\u00e4ss\u00e4si \ud83e\ude9e Saat halutessasi vain vastaanottaa, jakamiselle ei ole painetta \ud83d\udcab Piirin p\u00e4\u00e4tteeksi saat lev\u00e4ht\u00e4\u00e4 l\u00e4mpim\u00e4ll\u00e4 matolla ja vastaanottaa syv\u00e4rentouttavan \u00e4\u00e4nimaljahoidon \u2601\ufe0f\u2728 [&hellip;]\" \/>\n<meta property=\"og:url\" content=\"https:\/\/yinbyjennajulia.com\/en\/tapahtumat\/\" \/>\n<meta property=\"og:site_name\" content=\"Yin by Jenna Julia\" \/>\n<meta property=\"article:modified_time\" content=\"2026-04-01T12:32:32+00:00\" \/>\n<meta property=\"og:image\" content=\"https:\/\/yinbyjennajulia.com\/wp-content\/uploads\/2026\/04\/IMG_4007-scaled.jpg\" \/>\n\t<meta property=\"og:image:width\" content=\"1920\" \/>\n\t<meta property=\"og:image:height\" content=\"2560\" \/>\n\t<meta property=\"og:image:type\" content=\"image\/jpeg\" \/>\n<meta name=\"twitter:card\" content=\"summary_large_image\" \/>\n<meta name=\"twitter:label1\" content=\"Estimated reading time\" \/>\n\t<meta name=\"twitter:data1\" content=\"7 minutes\" \/>\n<script type=\"application\/ld+json\" class=\"yoast-schema-graph\">{\"@context\":\"https:\/\/schema.org\",\"@graph\":[{\"@type\":\"WebPage\",\"@id\":\"https:\/\/yinbyjennajulia.com\/tapahtumat\/\",\"url\":\"https:\/\/yinbyjennajulia.com\/tapahtumat\/\",\"name\":\"Tapahtumat - Yin by Jenna Julia\",\"isPartOf\":{\"@id\":\"https:\/\/yinbyjennajulia.com\/#website\"},\"primaryImageOfPage\":{\"@id\":\"https:\/\/yinbyjennajulia.com\/tapahtumat\/#primaryimage\"},\"image\":{\"@id\":\"https:\/\/yinbyjennajulia.com\/tapahtumat\/#primaryimage\"},\"thumbnailUrl\":\"https:\/\/yinbyjennajulia.com\/wp-content\/uploads\/2026\/04\/IMG_4007-768x1024.jpg\",\"datePublished\":\"2026-03-16T09:51:34+00:00\",\"dateModified\":\"2026-04-01T12:32:32+00:00\",\"breadcrumb\":{\"@id\":\"https:\/\/yinbyjennajulia.com\/tapahtumat\/#breadcrumb\"},\"inLanguage\":\"en-GB\",\"potentialAction\":[{\"@type\":\"ReadAction\",\"target\":[\"https:\/\/yinbyjennajulia.com\/tapahtumat\/\"]}]},{\"@type\":\"ImageObject\",\"inLanguage\":\"en-GB\",\"@id\":\"https:\/\/yinbyjennajulia.com\/tapahtumat\/#primaryimage\",\"url\":\"https:\/\/yinbyjennajulia.com\/wp-content\/uploads\/2026\/04\/IMG_4007-768x1024.jpg\",\"contentUrl\":\"https:\/\/yinbyjennajulia.com\/wp-content\/uploads\/2026\/04\/IMG_4007-768x1024.jpg\"},{\"@type\":\"BreadcrumbList\",\"@id\":\"https:\/\/yinbyjennajulia.com\/tapahtumat\/#breadcrumb\",\"itemListElement\":[{\"@type\":\"ListItem\",\"position\":1,\"name\":\"Home\",\"item\":\"https:\/\/yinbyjennajulia.com\/\"},{\"@type\":\"ListItem\",\"position\":2,\"name\":\"Tapahtumat\"}]},{\"@type\":\"WebSite\",\"@id\":\"https:\/\/yinbyjennajulia.com\/#website\",\"url\":\"https:\/\/yinbyjennajulia.com\/\",\"name\":\"Yin by Jenna Julia\",\"description\":\"Joogaretriitit\",\"publisher\":{\"@id\":\"https:\/\/yinbyjennajulia.com\/#organization\"},\"potentialAction\":[{\"@type\":\"SearchAction\",\"target\":{\"@type\":\"EntryPoint\",\"urlTemplate\":\"https:\/\/yinbyjennajulia.com\/?s={search_term_string}\"},\"query-input\":{\"@type\":\"PropertyValueSpecification\",\"valueRequired\":true,\"valueName\":\"search_term_string\"}}],\"inLanguage\":\"en-GB\"},{\"@type\":\"Organization\",\"@id\":\"https:\/\/yinbyjennajulia.com\/#organization\",\"name\":\"Yin by Jenna Julia\",\"url\":\"https:\/\/yinbyjennajulia.com\/\",\"logo\":{\"@type\":\"ImageObject\",\"inLanguage\":\"en-GB\",\"@id\":\"https:\/\/yinbyjennajulia.com\/#\/schema\/logo\/image\/\",\"url\":\"https:\/\/yinbyjennajulia.com\/wp-content\/uploads\/2025\/02\/Nimeton-malli-2025-02-19T094355.680.png\",\"contentUrl\":\"https:\/\/yinbyjennajulia.com\/wp-content\/uploads\/2025\/02\/Nimeton-malli-2025-02-19T094355.680.png\",\"width\":3125,\"height\":625,\"caption\":\"Yin by Jenna Julia\"},\"image\":{\"@id\":\"https:\/\/yinbyjennajulia.com\/#\/schema\/logo\/image\/\"}}]}<\/script>\n<!-- \/ Yoast SEO plugin. -->","yoast_head_json":{"title":"Tapahtumat - Yin by Jenna Julia","robots":{"index":"index","follow":"follow","max-snippet":"max-snippet:-1","max-image-preview":"max-image-preview:large","max-video-preview":"max-video-preview:-1"},"canonical":"https:\/\/yinbyjennajulia.com\/en\/tapahtumat\/","og_locale":"en_GB","og_type":"article","og_title":"Tapahtumat - Yin by Jenna Julia","og_description":"Tulevat tapahtumat Elon N\u00e4kyj\u00e4 -ilta 15.4. Tampereella \ud83d\udcab Tervetuloa piiriin kuulemaan ja keskustelemaan aiheesta entiset el\u00e4m\u00e4t \ud83e\udd0d Ilta sinulle, joka olet kiinnostunut avartamaan ymm\u00e4rryst\u00e4si entisist\u00e4 el\u00e4mist\u00e4 ja siit\u00e4, miten ne voivat n\u00e4ytt\u00e4yty\u00e4 t\u00e4ss\u00e4 el\u00e4m\u00e4ss\u00e4si \ud83e\ude9e Saat halutessasi vain vastaanottaa, jakamiselle ei ole painetta \ud83d\udcab Piirin p\u00e4\u00e4tteeksi saat lev\u00e4ht\u00e4\u00e4 l\u00e4mpim\u00e4ll\u00e4 matolla ja vastaanottaa syv\u00e4rentouttavan \u00e4\u00e4nimaljahoidon \u2601\ufe0f\u2728 [&hellip;]","og_url":"https:\/\/yinbyjennajulia.com\/en\/tapahtumat\/","og_site_name":"Yin by Jenna Julia","article_modified_time":"2026-04-01T12:32:32+00:00","og_image":[{"width":1920,"height":2560,"url":"https:\/\/yinbyjennajulia.com\/wp-content\/uploads\/2026\/04\/IMG_4007-scaled.jpg","type":"image\/jpeg"}],"twitter_card":"summary_large_image","twitter_misc":{"Estimated reading time":"7 minutes"},"schema":{"@context":"https:\/\/schema.org","@graph":[{"@type":"WebPage","@id":"https:\/\/yinbyjennajulia.com\/tapahtumat\/","url":"https:\/\/yinbyjennajulia.com\/tapahtumat\/","name":"Tapahtumat - Yin by Jenna Julia","isPartOf":{"@id":"https:\/\/yinbyjennajulia.com\/#website"},"primaryImageOfPage":{"@id":"https:\/\/yinbyjennajulia.com\/tapahtumat\/#primaryimage"},"image":{"@id":"https:\/\/yinbyjennajulia.com\/tapahtumat\/#primaryimage"},"thumbnailUrl":"https:\/\/yinbyjennajulia.com\/wp-content\/uploads\/2026\/04\/IMG_4007-768x1024.jpg","datePublished":"2026-03-16T09:51:34+00:00","dateModified":"2026-04-01T12:32:32+00:00","breadcrumb":{"@id":"https:\/\/yinbyjennajulia.com\/tapahtumat\/#breadcrumb"},"inLanguage":"en-GB","potentialAction":[{"@type":"ReadAction","target":["https:\/\/yinbyjennajulia.com\/tapahtumat\/"]}]},{"@type":"ImageObject","inLanguage":"en-GB","@id":"https:\/\/yinbyjennajulia.com\/tapahtumat\/#primaryimage","url":"https:\/\/yinbyjennajulia.com\/wp-content\/uploads\/2026\/04\/IMG_4007-768x1024.jpg","contentUrl":"https:\/\/yinbyjennajulia.com\/wp-content\/uploads\/2026\/04\/IMG_4007-768x1024.jpg"},{"@type":"BreadcrumbList","@id":"https:\/\/yinbyjennajulia.com\/tapahtumat\/#breadcrumb","itemListElement":[{"@type":"ListItem","position":1,"name":"Home","item":"https:\/\/yinbyjennajulia.com\/"},{"@type":"ListItem","position":2,"name":"Tapahtumat"}]},{"@type":"WebSite","@id":"https:\/\/yinbyjennajulia.com\/#website","url":"https:\/\/yinbyjennajulia.com\/","name":"Yin by Jenna Julia","description":"Joogaretriitit","publisher":{"@id":"https:\/\/yinbyjennajulia.com\/#organization"},"potentialAction":[{"@type":"SearchAction","target":{"@type":"EntryPoint","urlTemplate":"https:\/\/yinbyjennajulia.com\/?s={search_term_string}"},"query-input":{"@type":"PropertyValueSpecification","valueRequired":true,"valueName":"search_term_string"}}],"inLanguage":"en-GB"},{"@type":"Organization","@id":"https:\/\/yinbyjennajulia.com\/#organization","name":"Yin by Jenna Julia","url":"https:\/\/yinbyjennajulia.com\/","logo":{"@type":"ImageObject","inLanguage":"en-GB","@id":"https:\/\/yinbyjennajulia.com\/#\/schema\/logo\/image\/","url":"https:\/\/yinbyjennajulia.com\/wp-content\/uploads\/2025\/02\/Nimeton-malli-2025-02-19T094355.680.png","contentUrl":"https:\/\/yinbyjennajulia.com\/wp-content\/uploads\/2025\/02\/Nimeton-malli-2025-02-19T094355.680.png","width":3125,"height":625,"caption":"Yin by Jenna Julia"},"image":{"@id":"https:\/\/yinbyjennajulia.com\/#\/schema\/logo\/image\/"}}]}},"_links":{"self":[{"href":"https:\/\/yinbyjennajulia.com\/en\/wp-json\/wp\/v2\/pages\/1043","targetHints":{"allow":["GET"]}}],"collection":[{"href":"https:\/\/yinbyjennajulia.com\/en\/wp-json\/wp\/v2\/pages"}],"about":[{"href":"https:\/\/yinbyjennajulia.com\/en\/wp-json\/wp\/v2\/types\/page"}],"author":[{"embeddable":true,"href":"https:\/\/yinbyjennajulia.com\/en\/wp-json\/wp\/v2\/users\/2"}],"replies":[{"embeddable":true,"href":"https:\/\/yinbyjennajulia.com\/en\/wp-json\/wp\/v2\/comments?post=1043"}],"version-history":[{"count":13,"href":"https:\/\/yinbyjennajulia.com\/en\/wp-json\/wp\/v2\/pages\/1043\/revisions"}],"predecessor-version":[{"id":1090,"href":"https:\/\/yinbyjennajulia.com\/en\/wp-json\/wp\/v2\/pages\/1043\/revisions\/1090"}],"wp:attachment":[{"href":"https:\/\/yinbyjennajulia.com\/en\/wp-json\/wp\/v2\/media?parent=1043"}],"curies":[{"name":"wp","href":"https:\/\/api.w.org\/{rel}","templated":true}]}}