{"id":12,"date":"2025-02-16T08:18:31","date_gmt":"2025-02-16T08:18:31","guid":{"rendered":"http:\/\/yinbyjennajulia.com\/?page_id=12"},"modified":"2026-03-15T17:27:00","modified_gmt":"2026-03-15T17:27:00","slug":"yin-by-jenna-julia","status":"publish","type":"page","link":"https:\/\/yinbyjennajulia.com\/en\/","title":{"rendered":"Yin by Jenna Julia"},"content":{"rendered":"<div data-elementor-type=\"wp-page\" data-elementor-id=\"12\" class=\"elementor elementor-12\" data-elementor-post-type=\"page\">\n\t\t\t\t\t\t<section class=\"elementor-section elementor-top-section elementor-element elementor-element-5758a25 elementor-section-height-min-height elementor-section-items-bottom elementor-section-boxed elementor-section-height-default\" data-id=\"5758a25\" data-element_type=\"section\" data-settings=\"{&quot;background_background&quot;:&quot;classic&quot;}\">\n\t\t\t\t\t\t<div class=\"elementor-container elementor-column-gap-default\">\n\t\t\t\t\t<div class=\"elementor-column elementor-col-100 elementor-top-column elementor-element elementor-element-d7f4e01\" data-id=\"d7f4e01\" data-element_type=\"column\">\n\t\t\t<div class=\"elementor-widget-wrap elementor-element-populated\">\n\t\t\t\t\t\t<div class=\"elementor-element elementor-element-507d45b elementor-widget elementor-widget-heading\" data-id=\"507d45b\" data-element_type=\"widget\" data-widget_type=\"heading.default\">\n\t\t\t\t<div class=\"elementor-widget-container\">\n\t\t\t\t\t<h1 class=\"elementor-heading-title elementor-size-default\">Elon N\u00e4kyj\u00e4 -retriitti 13.-15.7.2026<br>Verlan Neidon Retriittikodilla<\/h1>\t\t\t\t<\/div>\n\t\t\t\t<\/div>\n\t\t\t\t<div class=\"elementor-element elementor-element-5edf6b9 elementor-tablet-align-center elementor-mobile-align-justify elementor-align-center elementor-widget elementor-widget-button\" data-id=\"5edf6b9\" data-element_type=\"widget\" data-widget_type=\"button.default\">\n\t\t\t\t<div class=\"elementor-widget-container\">\n\t\t\t\t\t\t\t\t\t<div class=\"elementor-button-wrapper\">\n\t\t\t\t\t<a class=\"elementor-button elementor-button-link elementor-size-sm\" href=\"https:\/\/yinbyjennajulia.com\/en\/elon-nakyja-retriitti-13-15-7-2026\/\">\n\t\t\t\t\t\t<span class=\"elementor-button-content-wrapper\">\n\t\t\t\t\t\t\t\t\t<span class=\"elementor-button-text\">Kuulen kutsun!<\/span>\n\t\t\t\t\t<\/span>\n\t\t\t\t\t<\/a>\n\t\t\t\t<\/div>\n\t\t\t\t\t\t\t\t<\/div>\n\t\t\t\t<\/div>\n\t\t\t\t\t<\/div>\n\t\t<\/div>\n\t\t\t\t\t<\/div>\n\t\t<\/section>\n\t\t<div class=\"elementor-element elementor-element-24585e1 e-flex e-con-boxed e-con e-parent\" data-id=\"24585e1\" data-element_type=\"container\" data-settings=\"{&quot;background_background&quot;:&quot;classic&quot;}\">\n\t\t\t\t\t<div class=\"e-con-inner\">\n\t\t\t\t<div class=\"elementor-element elementor-element-6600724 elementor-widget elementor-widget-heading\" data-id=\"6600724\" data-element_type=\"widget\" data-widget_type=\"heading.default\">\n\t\t\t\t<div class=\"elementor-widget-container\">\n\t\t\t\t\t<h2 class=\"elementor-heading-title elementor-size-default\">What can I offer you?<\/h2>\t\t\t\t<\/div>\n\t\t\t\t<\/div>\n\t\t\t\t\t<\/div>\n\t\t\t\t<\/div>\n\t\t\t\t<section class=\"elementor-section elementor-top-section elementor-element elementor-element-165a8b49 elementor-section-stretched elementor-section-full_width elementor-section-height-min-height elementor-section-items-stretch elementor-reverse-tablet elementor-reverse-mobile elementor-section-height-default\" data-id=\"165a8b49\" data-element_type=\"section\" data-settings=\"{&quot;stretch_section&quot;:&quot;section-stretched&quot;,&quot;background_background&quot;:&quot;classic&quot;}\">\n\t\t\t\t\t\t<div class=\"elementor-container elementor-column-gap-default\">\n\t\t\t\t\t<div class=\"elementor-column elementor-col-50 elementor-top-column elementor-element elementor-element-337df7e4\" data-id=\"337df7e4\" data-element_type=\"column\" data-settings=\"{&quot;background_background&quot;:&quot;classic&quot;}\">\n\t\t\t<div class=\"elementor-widget-wrap elementor-element-populated\">\n\t\t\t\t\t\t<div class=\"elementor-element elementor-element-7819180b elementor-widget elementor-widget-heading\" data-id=\"7819180b\" data-element_type=\"widget\" data-widget_type=\"heading.default\">\n\t\t\t\t<div class=\"elementor-widget-container\">\n\t\t\t\t\t<h2 class=\"elementor-heading-title elementor-size-default\">Jenna Julia\n<\/h2>\t\t\t\t<\/div>\n\t\t\t\t<\/div>\n\t\t\t\t<div class=\"elementor-element elementor-element-2c1fec1f elementor-widget elementor-widget-text-editor\" data-id=\"2c1fec1f\" data-element_type=\"widget\" data-widget_type=\"text-editor.default\">\n\t\t\t\t<div class=\"elementor-widget-container\">\n\t\t\t\t\t\t\t\t\t<div>Maadoittunutta l\u00e4sn\u00e4oloa, lempe\u00e4\u00e4 ohjausta,<\/div><div>selke\u00e4\u00e4 tulkintaa toiselta puolelta<\/div><div>\u00a0<\/div><div>\u00a0<\/div><div><span style=\"color: var( --e-global-color-26ed8438 ); font-family: var( --e-global-typography-text-font-family ), Sans-serif; font-weight: var( --e-global-typography-text-font-weight );\">RYT-200 yinjoogaopettaja, \u00e4\u00e4nimaljahoitaja,<\/span><\/div><div><span style=\"color: var( --e-global-color-26ed8438 ); font-family: var( --e-global-typography-text-font-family ), Sans-serif; font-weight: var( --e-global-typography-text-font-weight );\">kaakaoseremonioitsija sek\u00e4 n\u00e4kij\u00e4<\/span><\/div><div>\u00a0<\/div><div>\u00a0<\/div><div><span style=\"color: var( --e-global-color-26ed8438 ); font-family: var( --e-global-typography-text-font-family ), Sans-serif; font-weight: var( --e-global-typography-text-font-weight );\">On a Soul mission to bring people<\/span><\/div><div><span style=\"font-family: -apple-system, BlinkMacSystemFont, 'Segoe UI', Roboto, 'Helvetica Neue', Arial, 'Noto Sans', sans-serif, 'Apple Color Emoji', 'Segoe UI Emoji', 'Segoe UI Symbol', 'Noto Color Emoji';\">back home to themselves<\/span><\/div><div>\u00a0<\/div><div>\u00a0<\/div><div>Ole rohkeasti yhteydess\u00e4, kun kaipaat joogaopettajaa, \u00e4\u00e4nimaljahoitajaa tai n\u00e4kij\u00e4\u00e4 tapahtumallesi &lt;3<\/div>\t\t\t\t\t\t\t\t<\/div>\n\t\t\t\t<\/div>\n\t\t\t\t<div class=\"elementor-element elementor-element-21c864d elementor-tablet-align-center elementor-mobile-align-justify elementor-align-center elementor-widget elementor-widget-button\" data-id=\"21c864d\" data-element_type=\"widget\" data-widget_type=\"button.default\">\n\t\t\t\t<div class=\"elementor-widget-container\">\n\t\t\t\t\t\t\t\t\t<div class=\"elementor-button-wrapper\">\n\t\t\t\t\t<a class=\"elementor-button elementor-button-link elementor-size-sm\" href=\"http:\/\/yinbyjennajulia.com\/en\/tarinani\/\">\n\t\t\t\t\t\t<span class=\"elementor-button-content-wrapper\">\n\t\t\t\t\t\t\t\t\t<span class=\"elementor-button-text\">Lis\u00e4\u00e4 tarinastani<\/span>\n\t\t\t\t\t<\/span>\n\t\t\t\t\t<\/a>\n\t\t\t\t<\/div>\n\t\t\t\t\t\t\t\t<\/div>\n\t\t\t\t<\/div>\n\t\t\t\t\t<\/div>\n\t\t<\/div>\n\t\t\t\t<div class=\"elementor-column elementor-col-50 elementor-top-column elementor-element elementor-element-48d2479d\" data-id=\"48d2479d\" data-element_type=\"column\" data-settings=\"{&quot;background_background&quot;:&quot;classic&quot;}\">\n\t\t\t<div class=\"elementor-widget-wrap elementor-element-populated\">\n\t\t\t\t\t\t<div class=\"elementor-element elementor-element-35e55c58 elementor-widget elementor-widget-spacer\" data-id=\"35e55c58\" data-element_type=\"widget\" data-widget_type=\"spacer.default\">\n\t\t\t\t<div class=\"elementor-widget-container\">\n\t\t\t\t\t\t\t<div class=\"elementor-spacer\">\n\t\t\t<div class=\"elementor-spacer-inner\"><\/div>\n\t\t<\/div>\n\t\t\t\t\t\t<\/div>\n\t\t\t\t<\/div>\n\t\t\t\t\t<\/div>\n\t\t<\/div>\n\t\t\t\t\t<\/div>\n\t\t<\/section>\n\t\t\t\t<section class=\"elementor-section elementor-top-section elementor-element elementor-element-cec66e9 elementor-section-stretched elementor-section-full_width elementor-section-height-min-height elementor-section-items-stretch elementor-section-height-default\" data-id=\"cec66e9\" data-element_type=\"section\" data-settings=\"{&quot;stretch_section&quot;:&quot;section-stretched&quot;,&quot;background_background&quot;:&quot;classic&quot;}\">\n\t\t\t\t\t\t<div class=\"elementor-container elementor-column-gap-default\">\n\t\t\t\t\t<div class=\"elementor-column elementor-col-50 elementor-top-column elementor-element elementor-element-1634c48\" data-id=\"1634c48\" data-element_type=\"column\" data-settings=\"{&quot;background_background&quot;:&quot;classic&quot;}\">\n\t\t\t<div class=\"elementor-widget-wrap elementor-element-populated\">\n\t\t\t\t\t\t<div class=\"elementor-element elementor-element-1ef6db8 elementor-widget elementor-widget-spacer\" data-id=\"1ef6db8\" data-element_type=\"widget\" data-widget_type=\"spacer.default\">\n\t\t\t\t<div class=\"elementor-widget-container\">\n\t\t\t\t\t\t\t<div class=\"elementor-spacer\">\n\t\t\t<div class=\"elementor-spacer-inner\"><\/div>\n\t\t<\/div>\n\t\t\t\t\t\t<\/div>\n\t\t\t\t<\/div>\n\t\t\t\t\t<\/div>\n\t\t<\/div>\n\t\t\t\t<div class=\"elementor-column elementor-col-50 elementor-top-column elementor-element elementor-element-21b3e05\" data-id=\"21b3e05\" data-element_type=\"column\" data-settings=\"{&quot;background_background&quot;:&quot;classic&quot;}\">\n\t\t\t<div class=\"elementor-widget-wrap elementor-element-populated\">\n\t\t\t\t\t\t<div class=\"elementor-element elementor-element-ed5fe3a elementor-widget elementor-widget-heading\" data-id=\"ed5fe3a\" data-element_type=\"widget\" data-widget_type=\"heading.default\">\n\t\t\t\t<div class=\"elementor-widget-container\">\n\t\t\t\t\t<h2 class=\"elementor-heading-title elementor-size-default\">Elon N\u00e4kyj\u00e4 -retriitti 13.-15.7.2026\nVerlan Neidon Retriittikodilla<\/h2>\t\t\t\t<\/div>\n\t\t\t\t<\/div>\n\t\t\t\t<div class=\"elementor-element elementor-element-2a4a8bc elementor-widget elementor-widget-text-editor\" data-id=\"2a4a8bc\" data-element_type=\"widget\" data-widget_type=\"text-editor.default\">\n\t\t\t\t<div class=\"elementor-widget-container\">\n\t\t\t\t\t\t\t\t\t<p class=\"p1\">Joogaretriitti el\u00e4m\u00e4n eri kerroksista kiinnostuneille \u2014 pintaa syvemm\u00e4lle katsoville<\/p><p class=\"p1\">Hieman erilainen joogaretriitti, jossa n\u00e4hd\u00e4\u00e4n eloa laajemmin<\/p><p class=\"p1\">Retriitti, joka n\u00e4ytt\u00e4\u00e4 sinulle, ett\u00e4 yhteys kaikkeuteen on saavutettavissa miss\u00e4 ja milloin vain<\/p><p class=\"p1\">Retriitti, jossa yhdistyv\u00e4t joogaharjoitukset, \u00e4\u00e4nimaljahoidot, kaakaoseremoniat, kehollisuus ja n\u00e4kijyys<\/p><p class=\"p1\">Elon N\u00e4kyj\u00e4 -retriitill\u00e4 annetaan elon todella n\u00e4ky\u00e4 ja tuntua \u2014 kaikkeudessaan!<\/p>\t\t\t\t\t\t\t\t<\/div>\n\t\t\t\t<\/div>\n\t\t\t\t<div class=\"elementor-element elementor-element-f351415 elementor-tablet-align-center elementor-mobile-align-justify elementor-align-center elementor-widget elementor-widget-button\" data-id=\"f351415\" data-element_type=\"widget\" data-widget_type=\"button.default\">\n\t\t\t\t<div class=\"elementor-widget-container\">\n\t\t\t\t\t\t\t\t\t<div class=\"elementor-button-wrapper\">\n\t\t\t\t\t<a class=\"elementor-button elementor-button-link elementor-size-sm\" href=\"https:\/\/yinbyjennajulia.com\/en\/elon-nakyja-retriitti-13-15-7-2026\/\">\n\t\t\t\t\t\t<span class=\"elementor-button-content-wrapper\">\n\t\t\t\t\t\t\t\t\t<span class=\"elementor-button-text\">Haluan tiet\u00e4\u00e4 lis\u00e4\u00e4!<\/span>\n\t\t\t\t\t<\/span>\n\t\t\t\t\t<\/a>\n\t\t\t\t<\/div>\n\t\t\t\t\t\t\t\t<\/div>\n\t\t\t\t<\/div>\n\t\t\t\t\t<\/div>\n\t\t<\/div>\n\t\t\t\t\t<\/div>\n\t\t<\/section>\n\t\t\t\t<section class=\"elementor-section elementor-top-section elementor-element elementor-element-7a783c3 elementor-section-stretched elementor-section-full_width elementor-section-height-min-height elementor-section-items-stretch elementor-reverse-tablet elementor-reverse-mobile elementor-section-height-default\" data-id=\"7a783c3\" data-element_type=\"section\" data-settings=\"{&quot;stretch_section&quot;:&quot;section-stretched&quot;}\">\n\t\t\t\t\t\t<div class=\"elementor-container elementor-column-gap-default\">\n\t\t\t\t\t<div class=\"elementor-column elementor-col-50 elementor-top-column elementor-element elementor-element-6be8488\" data-id=\"6be8488\" data-element_type=\"column\" data-settings=\"{&quot;background_background&quot;:&quot;classic&quot;}\">\n\t\t\t<div class=\"elementor-widget-wrap elementor-element-populated\">\n\t\t\t\t\t\t<div class=\"elementor-element elementor-element-4601bfe elementor-widget elementor-widget-heading\" data-id=\"4601bfe\" data-element_type=\"widget\" data-widget_type=\"heading.default\">\n\t\t\t\t<div class=\"elementor-widget-container\">\n\t\t\t\t\t<h2 class=\"elementor-heading-title elementor-size-default\">Latest post on the blog<\/h2>\t\t\t\t<\/div>\n\t\t\t\t<\/div>\n\t\t\t\t<div class=\"elementor-element elementor-element-7cdfc51 elementor-grid-1 elementor-grid-tablet-1 elementor-posts--thumbnail-none elementor-posts--align-center elementor-widget-tablet__width-inherit elementor-grid-mobile-1 elementor-widget elementor-widget-posts\" data-id=\"7cdfc51\" data-element_type=\"widget\" data-settings=\"{&quot;classic_columns&quot;:&quot;1&quot;,&quot;classic_columns_tablet&quot;:&quot;1&quot;,&quot;classic_columns_mobile&quot;:&quot;1&quot;,&quot;classic_row_gap&quot;:{&quot;unit&quot;:&quot;px&quot;,&quot;size&quot;:35,&quot;sizes&quot;:[]},&quot;classic_row_gap_tablet&quot;:{&quot;unit&quot;:&quot;px&quot;,&quot;size&quot;:&quot;&quot;,&quot;sizes&quot;:[]},&quot;classic_row_gap_mobile&quot;:{&quot;unit&quot;:&quot;px&quot;,&quot;size&quot;:&quot;&quot;,&quot;sizes&quot;:[]}}\" data-widget_type=\"posts.classic\">\n\t\t\t\t<div class=\"elementor-widget-container\">\n\t\t\t\t\t\t\t<div class=\"elementor-posts-container elementor-posts elementor-posts--skin-classic elementor-grid\">\n\t\t\t\t<article class=\"elementor-post elementor-grid-item post-837 post type-post status-publish format-standard has-post-thumbnail hentry category-kirjoitukset\">\n\t\t\t\t<div class=\"elementor-post__text\">\n\t\t\t\t<h3 class=\"elementor-post__title\">\n\t\t\t<a href=\"https:\/\/yinbyjennajulia.com\/en\/kirjoitukset\/seremoniakaakao\/\" >\n\t\t\t\tCeremonial Cacao\t\t\t<\/a>\n\t\t<\/h3>\n\t\t\t\t<div class=\"elementor-post__meta-data\">\n\t\t\t\t\t<span class=\"elementor-post-date\">\n\t\t\tJanuary 22, 2026\t\t<\/span>\n\t\t\t\t<\/div>\n\t\t\t\t<div class=\"elementor-post__excerpt\">\n\t\t\t<p>While living in Bali, I had the opportunity to deeply connect with ceremonial cacao. I participated in many different kinds of ceremonies with this heart-opening plant medicine and fell in love with it. Through these experiences, I was also guided to study how to hold ceremonial space with cacao \u2014 and something within my inner world shifted permanently.<\/p>\n\t\t<\/div>\n\t\t\n\t\t<a class=\"elementor-post__read-more\" href=\"https:\/\/yinbyjennajulia.com\/en\/kirjoitukset\/seremoniakaakao\/\" aria-label=\"Read more about Seremoniakaakao\" tabindex=\"-1\" >\n\t\t\tRead more\t\t<\/a>\n\n\t\t\t\t<\/div>\n\t\t\t\t<\/article>\n\t\t\t\t<\/div>\n\t\t\n\t\t\t\t\t\t<\/div>\n\t\t\t\t<\/div>\n\t\t\t\t<div class=\"elementor-element elementor-element-b8f255c elementor-tablet-align-center elementor-mobile-align-justify elementor-align-center elementor-widget elementor-widget-button\" data-id=\"b8f255c\" data-element_type=\"widget\" data-widget_type=\"button.default\">\n\t\t\t\t<div class=\"elementor-widget-container\">\n\t\t\t\t\t\t\t\t\t<div class=\"elementor-button-wrapper\">\n\t\t\t\t\t<a class=\"elementor-button elementor-button-link elementor-size-sm\" href=\"http:\/\/yinbyjennajulia.com\/en\/blogi\/\">\n\t\t\t\t\t\t<span class=\"elementor-button-content-wrapper\">\n\t\t\t\t\t\t\t\t\t<span class=\"elementor-button-text\">Read all posts<\/span>\n\t\t\t\t\t<\/span>\n\t\t\t\t\t<\/a>\n\t\t\t\t<\/div>\n\t\t\t\t\t\t\t\t<\/div>\n\t\t\t\t<\/div>\n\t\t\t\t\t<\/div>\n\t\t<\/div>\n\t\t\t\t<div class=\"elementor-column elementor-col-50 elementor-top-column elementor-element elementor-element-495ee01\" data-id=\"495ee01\" data-element_type=\"column\" data-settings=\"{&quot;background_background&quot;:&quot;classic&quot;}\">\n\t\t\t<div class=\"elementor-widget-wrap elementor-element-populated\">\n\t\t\t\t\t\t<div class=\"elementor-element elementor-element-726cb4d elementor-widget elementor-widget-spacer\" data-id=\"726cb4d\" data-element_type=\"widget\" data-widget_type=\"spacer.default\">\n\t\t\t\t<div class=\"elementor-widget-container\">\n\t\t\t\t\t\t\t<div class=\"elementor-spacer\">\n\t\t\t<div class=\"elementor-spacer-inner\"><\/div>\n\t\t<\/div>\n\t\t\t\t\t\t<\/div>\n\t\t\t\t<\/div>\n\t\t\t\t\t<\/div>\n\t\t<\/div>\n\t\t\t\t\t<\/div>\n\t\t<\/section>\n\t\t\t\t<\/div>","protected":false},"excerpt":{"rendered":"<p>Elon N\u00e4kyj\u00e4 -retriitti 13.-15.7.2026Verlan Neidon Retriittikodilla Kuulen kutsun! Mit\u00e4 min\u00e4 voin sinulle tarjota? Jenna Julia Maadoittunutta l\u00e4sn\u00e4oloa, lempe\u00e4\u00e4 ohjausta,selke\u00e4\u00e4 tulkintaa toiselta puolelta\u00a0\u00a0RYT-200 yinjoogaopettaja, \u00e4\u00e4nimaljahoitaja,kaakaoseremonioitsija sek\u00e4 n\u00e4kij\u00e4\u00a0\u00a0Sielunteht\u00e4v\u00e4ll\u00e4 auttamassa ihmisi\u00e4palaamaan takaisin kotiin itsens\u00e4 \u00e4\u00e4relle\u00a0\u00a0Ole rohkeasti yhteydess\u00e4, kun kaipaat joogaopettajaa, \u00e4\u00e4nimaljahoitajaa tai n\u00e4kij\u00e4\u00e4 tapahtumallesi &lt;3 Lis\u00e4\u00e4 tarinastani Elon N\u00e4kyj\u00e4 -retriitti 13.-15.7.2026 Verlan Neidon Retriittikodilla Joogaretriitti el\u00e4m\u00e4n eri kerroksista [&hellip;]<\/p>","protected":false},"author":1,"featured_media":0,"parent":0,"menu_order":0,"comment_status":"closed","ping_status":"closed","template":"","meta":{"footnotes":""},"class_list":["post-12","page","type-page","status-publish","hentry"],"yoast_head":"<!-- This site is optimized with the Yoast SEO plugin v24.7 - https:\/\/yoast.com\/wordpress\/plugins\/seo\/ -->\n<title>Yin by Jenna Julia - Yin by Jenna Julia<\/title>\n<meta name=\"robots\" content=\"index, follow, max-snippet:-1, max-image-preview:large, max-video-preview:-1\" \/>\n<link rel=\"canonical\" href=\"https:\/\/yinbyjennajulia.com\/en\/\" \/>\n<meta property=\"og:locale\" content=\"en_GB\" \/>\n<meta property=\"og:type\" content=\"article\" \/>\n<meta property=\"og:title\" content=\"Yin by Jenna Julia - Yin by Jenna Julia\" \/>\n<meta property=\"og:description\" content=\"Elon N\u00e4kyj\u00e4 -retriitti 13.-15.7.2026Verlan Neidon Retriittikodilla Kuulen kutsun! Mit\u00e4 min\u00e4 voin sinulle tarjota? Jenna Julia Maadoittunutta l\u00e4sn\u00e4oloa, lempe\u00e4\u00e4 ohjausta,selke\u00e4\u00e4 tulkintaa toiselta puolelta\u00a0\u00a0RYT-200 yinjoogaopettaja, \u00e4\u00e4nimaljahoitaja,kaakaoseremonioitsija sek\u00e4 n\u00e4kij\u00e4\u00a0\u00a0Sielunteht\u00e4v\u00e4ll\u00e4 auttamassa ihmisi\u00e4palaamaan takaisin kotiin itsens\u00e4 \u00e4\u00e4relle\u00a0\u00a0Ole rohkeasti yhteydess\u00e4, kun kaipaat joogaopettajaa, \u00e4\u00e4nimaljahoitajaa tai n\u00e4kij\u00e4\u00e4 tapahtumallesi &lt;3 Lis\u00e4\u00e4 tarinastani Elon N\u00e4kyj\u00e4 -retriitti 13.-15.7.2026 Verlan Neidon Retriittikodilla Joogaretriitti el\u00e4m\u00e4n eri kerroksista [&hellip;]\" \/>\n<meta property=\"og:url\" content=\"https:\/\/yinbyjennajulia.com\/en\/\" \/>\n<meta property=\"og:site_name\" content=\"Yin by Jenna Julia\" \/>\n<meta property=\"article:modified_time\" content=\"2026-03-15T17:27:00+00:00\" \/>\n<meta name=\"twitter:card\" content=\"summary_large_image\" \/>\n<meta name=\"twitter:label1\" content=\"Estimated reading time\" \/>\n\t<meta name=\"twitter:data1\" content=\"2 minutes\" \/>\n<script type=\"application\/ld+json\" class=\"yoast-schema-graph\">{\"@context\":\"https:\/\/schema.org\",\"@graph\":[{\"@type\":\"WebPage\",\"@id\":\"https:\/\/yinbyjennajulia.com\/\",\"url\":\"https:\/\/yinbyjennajulia.com\/\",\"name\":\"Yin by Jenna Julia - Yin by Jenna Julia\",\"isPartOf\":{\"@id\":\"https:\/\/yinbyjennajulia.com\/#website\"},\"datePublished\":\"2025-02-16T08:18:31+00:00\",\"dateModified\":\"2026-03-15T17:27:00+00:00\",\"breadcrumb\":{\"@id\":\"https:\/\/yinbyjennajulia.com\/#breadcrumb\"},\"inLanguage\":\"en-GB\",\"potentialAction\":[{\"@type\":\"ReadAction\",\"target\":[\"https:\/\/yinbyjennajulia.com\/\"]}]},{\"@type\":\"BreadcrumbList\",\"@id\":\"https:\/\/yinbyjennajulia.com\/#breadcrumb\",\"itemListElement\":[{\"@type\":\"ListItem\",\"position\":1,\"name\":\"Home\",\"item\":\"https:\/\/yinbyjennajulia.com\/\"},{\"@type\":\"ListItem\",\"position\":2,\"name\":\"Yin by Jenna Julia\"}]},{\"@type\":\"WebSite\",\"@id\":\"https:\/\/yinbyjennajulia.com\/#website\",\"url\":\"https:\/\/yinbyjennajulia.com\/\",\"name\":\"Yin by Jenna Julia\",\"description\":\"Joogaretriitit\",\"publisher\":{\"@id\":\"https:\/\/yinbyjennajulia.com\/#organization\"},\"potentialAction\":[{\"@type\":\"SearchAction\",\"target\":{\"@type\":\"EntryPoint\",\"urlTemplate\":\"https:\/\/yinbyjennajulia.com\/?s={search_term_string}\"},\"query-input\":{\"@type\":\"PropertyValueSpecification\",\"valueRequired\":true,\"valueName\":\"search_term_string\"}}],\"inLanguage\":\"en-GB\"},{\"@type\":\"Organization\",\"@id\":\"https:\/\/yinbyjennajulia.com\/#organization\",\"name\":\"Yin by Jenna Julia\",\"url\":\"https:\/\/yinbyjennajulia.com\/\",\"logo\":{\"@type\":\"ImageObject\",\"inLanguage\":\"en-GB\",\"@id\":\"https:\/\/yinbyjennajulia.com\/#\/schema\/logo\/image\/\",\"url\":\"https:\/\/yinbyjennajulia.com\/wp-content\/uploads\/2025\/02\/Nimeton-malli-2025-02-19T094355.680.png\",\"contentUrl\":\"https:\/\/yinbyjennajulia.com\/wp-content\/uploads\/2025\/02\/Nimeton-malli-2025-02-19T094355.680.png\",\"width\":3125,\"height\":625,\"caption\":\"Yin by Jenna Julia\"},\"image\":{\"@id\":\"https:\/\/yinbyjennajulia.com\/#\/schema\/logo\/image\/\"}}]}<\/script>\n<!-- \/ Yoast SEO plugin. -->","yoast_head_json":{"title":"Yin by Jenna Julia - Yin by Jenna Julia","robots":{"index":"index","follow":"follow","max-snippet":"max-snippet:-1","max-image-preview":"max-image-preview:large","max-video-preview":"max-video-preview:-1"},"canonical":"https:\/\/yinbyjennajulia.com\/en\/","og_locale":"en_GB","og_type":"article","og_title":"Yin by Jenna Julia - Yin by Jenna Julia","og_description":"Elon N\u00e4kyj\u00e4 -retriitti 13.-15.7.2026Verlan Neidon Retriittikodilla Kuulen kutsun! Mit\u00e4 min\u00e4 voin sinulle tarjota? Jenna Julia Maadoittunutta l\u00e4sn\u00e4oloa, lempe\u00e4\u00e4 ohjausta,selke\u00e4\u00e4 tulkintaa toiselta puolelta\u00a0\u00a0RYT-200 yinjoogaopettaja, \u00e4\u00e4nimaljahoitaja,kaakaoseremonioitsija sek\u00e4 n\u00e4kij\u00e4\u00a0\u00a0Sielunteht\u00e4v\u00e4ll\u00e4 auttamassa ihmisi\u00e4palaamaan takaisin kotiin itsens\u00e4 \u00e4\u00e4relle\u00a0\u00a0Ole rohkeasti yhteydess\u00e4, kun kaipaat joogaopettajaa, \u00e4\u00e4nimaljahoitajaa tai n\u00e4kij\u00e4\u00e4 tapahtumallesi &lt;3 Lis\u00e4\u00e4 tarinastani Elon N\u00e4kyj\u00e4 -retriitti 13.-15.7.2026 Verlan Neidon Retriittikodilla Joogaretriitti el\u00e4m\u00e4n eri kerroksista [&hellip;]","og_url":"https:\/\/yinbyjennajulia.com\/en\/","og_site_name":"Yin by Jenna Julia","article_modified_time":"2026-03-15T17:27:00+00:00","twitter_card":"summary_large_image","twitter_misc":{"Estimated reading time":"2 minutes"},"schema":{"@context":"https:\/\/schema.org","@graph":[{"@type":"WebPage","@id":"https:\/\/yinbyjennajulia.com\/","url":"https:\/\/yinbyjennajulia.com\/","name":"Yin by Jenna Julia - Yin by Jenna Julia","isPartOf":{"@id":"https:\/\/yinbyjennajulia.com\/#website"},"datePublished":"2025-02-16T08:18:31+00:00","dateModified":"2026-03-15T17:27:00+00:00","breadcrumb":{"@id":"https:\/\/yinbyjennajulia.com\/#breadcrumb"},"inLanguage":"en-GB","potentialAction":[{"@type":"ReadAction","target":["https:\/\/yinbyjennajulia.com\/"]}]},{"@type":"BreadcrumbList","@id":"https:\/\/yinbyjennajulia.com\/#breadcrumb","itemListElement":[{"@type":"ListItem","position":1,"name":"Home","item":"https:\/\/yinbyjennajulia.com\/"},{"@type":"ListItem","position":2,"name":"Yin by Jenna Julia"}]},{"@type":"WebSite","@id":"https:\/\/yinbyjennajulia.com\/#website","url":"https:\/\/yinbyjennajulia.com\/","name":"Yin by Jenna Julia","description":"Joogaretriitit","publisher":{"@id":"https:\/\/yinbyjennajulia.com\/#organization"},"potentialAction":[{"@type":"SearchAction","target":{"@type":"EntryPoint","urlTemplate":"https:\/\/yinbyjennajulia.com\/?s={search_term_string}"},"query-input":{"@type":"PropertyValueSpecification","valueRequired":true,"valueName":"search_term_string"}}],"inLanguage":"en-GB"},{"@type":"Organization","@id":"https:\/\/yinbyjennajulia.com\/#organization","name":"Yin by Jenna Julia","url":"https:\/\/yinbyjennajulia.com\/","logo":{"@type":"ImageObject","inLanguage":"en-GB","@id":"https:\/\/yinbyjennajulia.com\/#\/schema\/logo\/image\/","url":"https:\/\/yinbyjennajulia.com\/wp-content\/uploads\/2025\/02\/Nimeton-malli-2025-02-19T094355.680.png","contentUrl":"https:\/\/yinbyjennajulia.com\/wp-content\/uploads\/2025\/02\/Nimeton-malli-2025-02-19T094355.680.png","width":3125,"height":625,"caption":"Yin by Jenna Julia"},"image":{"@id":"https:\/\/yinbyjennajulia.com\/#\/schema\/logo\/image\/"}}]}},"_links":{"self":[{"href":"https:\/\/yinbyjennajulia.com\/en\/wp-json\/wp\/v2\/pages\/12","targetHints":{"allow":["GET"]}}],"collection":[{"href":"https:\/\/yinbyjennajulia.com\/en\/wp-json\/wp\/v2\/pages"}],"about":[{"href":"https:\/\/yinbyjennajulia.com\/en\/wp-json\/wp\/v2\/types\/page"}],"author":[{"embeddable":true,"href":"https:\/\/yinbyjennajulia.com\/en\/wp-json\/wp\/v2\/users\/1"}],"replies":[{"embeddable":true,"href":"https:\/\/yinbyjennajulia.com\/en\/wp-json\/wp\/v2\/comments?post=12"}],"version-history":[{"count":178,"href":"https:\/\/yinbyjennajulia.com\/en\/wp-json\/wp\/v2\/pages\/12\/revisions"}],"predecessor-version":[{"id":980,"href":"https:\/\/yinbyjennajulia.com\/en\/wp-json\/wp\/v2\/pages\/12\/revisions\/980"}],"wp:attachment":[{"href":"https:\/\/yinbyjennajulia.com\/en\/wp-json\/wp\/v2\/media?parent=12"}],"curies":[{"name":"wp","href":"https:\/\/api.w.org\/{rel}","templated":true}]}}