{"id":330,"date":"2025-03-22T12:30:18","date_gmt":"2025-03-22T12:30:18","guid":{"rendered":"http:\/\/yinbyjennajulia.com\/?page_id=330"},"modified":"2026-03-16T10:06:57","modified_gmt":"2026-03-16T10:06:57","slug":"2026-2","status":"publish","type":"page","link":"https:\/\/yinbyjennajulia.com\/en\/2026-2\/","title":{"rendered":"November 2025"},"content":{"rendered":"<div data-elementor-type=\"wp-page\" data-elementor-id=\"330\" class=\"elementor elementor-330\" data-elementor-post-type=\"page\">\n\t\t\t\t<div class=\"elementor-element elementor-element-3c1a137e e-flex e-con-boxed e-con e-parent\" data-id=\"3c1a137e\" data-element_type=\"container\" data-settings=\"{&quot;background_background&quot;:&quot;classic&quot;}\">\n\t\t\t\t\t<div class=\"e-con-inner\">\n\t\t<div class=\"elementor-element elementor-element-202a9a3e e-con-full e-flex e-con e-child\" data-id=\"202a9a3e\" data-element_type=\"container\">\n\t\t\t\t<div class=\"elementor-element elementor-element-4985279a elementor-widget elementor-widget-text-editor\" data-id=\"4985279a\" data-element_type=\"widget\" data-widget_type=\"text-editor.default\">\n\t\t\t\t<div class=\"elementor-widget-container\">\n\t\t\t\t\t\t\t\t\t<div>\u00a0<\/div><div>\u00a0<\/div><div>Syksyll\u00e4 2026 tulossa uusi retriitti, pysy kuulolla!<\/div><div>\u00a0<\/div><div>Laita viesti\u00e4 s\u00e4hk\u00f6postitse <a href=\"mailto:info@yinbyjennajulia.com\"><span style=\"text-decoration: underline;\">here<\/span><\/a>, jos olet nyt jo kiinnostunut<\/div><div>syksyn retriitist\u00e4! &lt;3<\/div>\t\t\t\t\t\t\t\t<\/div>\n\t\t\t\t<\/div>\n\t\t\t\t<\/div>\n\t\t\t\t\t<\/div>\n\t\t\t\t<\/div>\n\t\t<div class=\"elementor-element elementor-element-7674eef6 e-flex e-con-boxed e-con e-parent\" data-id=\"7674eef6\" data-element_type=\"container\" data-settings=\"{&quot;background_background&quot;:&quot;classic&quot;}\">\n\t\t\t\t\t<div class=\"e-con-inner\">\n\t\t<div class=\"elementor-element elementor-element-38addd9d e-con-full e-flex e-con e-child\" data-id=\"38addd9d\" data-element_type=\"container\">\n\t\t\t\t<\/div>\n\t\t\t\t<div class=\"elementor-element elementor-element-673608e3 elementor-widget elementor-widget-image\" data-id=\"673608e3\" data-element_type=\"widget\" data-widget_type=\"image.default\">\n\t\t\t\t<div class=\"elementor-widget-container\">\n\t\t\t\t\t\t\t\t\t\t\t\t\t\t\t<img fetchpriority=\"high\" decoding=\"async\" width=\"768\" height=\"1152\" src=\"https:\/\/yinbyjennajulia.com\/wp-content\/uploads\/2025\/03\/Retriitit-3.-kuva-768x1152.jpg\" class=\"attachment-medium_large size-medium_large wp-image-300\" alt=\"\" srcset=\"https:\/\/yinbyjennajulia.com\/wp-content\/uploads\/2025\/03\/Retriitit-3.-kuva-768x1152.jpg 768w, https:\/\/yinbyjennajulia.com\/wp-content\/uploads\/2025\/03\/Retriitit-3.-kuva-200x300.jpg 200w, https:\/\/yinbyjennajulia.com\/wp-content\/uploads\/2025\/03\/Retriitit-3.-kuva-683x1024.jpg 683w, https:\/\/yinbyjennajulia.com\/wp-content\/uploads\/2025\/03\/Retriitit-3.-kuva-1024x1536.jpg 1024w, https:\/\/yinbyjennajulia.com\/wp-content\/uploads\/2025\/03\/Retriitit-3.-kuva-1365x2048.jpg 1365w, https:\/\/yinbyjennajulia.com\/wp-content\/uploads\/2025\/03\/Retriitit-3.-kuva-8x12.jpg 8w, https:\/\/yinbyjennajulia.com\/wp-content\/uploads\/2025\/03\/Retriitit-3.-kuva-scaled.jpg 1707w\" sizes=\"(max-width: 768px) 100vw, 768px\" \/>\t\t\t\t\t\t\t\t\t\t\t\t\t\t\t<\/div>\n\t\t\t\t<\/div>\n\t\t<div class=\"elementor-element elementor-element-48cf4ed8 e-con-full e-flex e-con e-child\" data-id=\"48cf4ed8\" data-element_type=\"container\">\n\t\t\t\t<\/div>\n\t\t\t\t\t<\/div>\n\t\t\t\t<\/div>\n\t\t<div class=\"elementor-element elementor-element-7cd54369 e-flex e-con-boxed e-con e-parent\" data-id=\"7cd54369\" data-element_type=\"container\" data-settings=\"{&quot;background_background&quot;:&quot;classic&quot;}\">\n\t\t\t\t\t<div class=\"e-con-inner\">\n\t\t<div class=\"elementor-element elementor-element-3c21248e e-con-full e-flex e-con e-child\" data-id=\"3c21248e\" data-element_type=\"container\">\n\t\t\t\t<div class=\"elementor-element elementor-element-13f03c31 elementor-widget elementor-widget-text-editor\" data-id=\"13f03c31\" data-element_type=\"widget\" data-widget_type=\"text-editor.default\">\n\t\t\t\t<div class=\"elementor-widget-container\">\n\t\t\t\t\t\t\t\t\t<div>\u00a0<\/div>\t\t\t\t\t\t\t\t<\/div>\n\t\t\t\t<\/div>\n\t\t\t\t<\/div>\n\t\t\t\t\t<\/div>\n\t\t\t\t<\/div>\n\t\t\t\t<\/div>","protected":false},"excerpt":{"rendered":"<p>\u00a0\u00a0Syksyll\u00e4 2026 tulossa uusi retriitti, pysy kuulolla!\u00a0Laita viesti\u00e4 s\u00e4hk\u00f6postitse t\u00e4st\u00e4, jos olet nyt jo kiinnostunutsyksyn retriitist\u00e4! &lt;3 \u00a0<\/p>","protected":false},"author":1,"featured_media":0,"parent":0,"menu_order":0,"comment_status":"closed","ping_status":"closed","template":"","meta":{"footnotes":""},"class_list":["post-330","page","type-page","status-publish","hentry"],"yoast_head":"<!-- This site is optimized with the Yoast SEO plugin v24.7 - https:\/\/yoast.com\/wordpress\/plugins\/seo\/ -->\n<title>Marraskuu 2025 - Yin by Jenna Julia<\/title>\n<meta name=\"robots\" content=\"index, follow, max-snippet:-1, max-image-preview:large, max-video-preview:-1\" \/>\n<link rel=\"canonical\" href=\"https:\/\/yinbyjennajulia.com\/en\/2026-2\/\" \/>\n<meta property=\"og:locale\" content=\"en_GB\" \/>\n<meta property=\"og:type\" content=\"article\" \/>\n<meta property=\"og:title\" content=\"Marraskuu 2025 - Yin by Jenna Julia\" \/>\n<meta property=\"og:description\" content=\"\u00a0\u00a0Syksyll\u00e4 2026 tulossa uusi retriitti, pysy kuulolla!\u00a0Laita viesti\u00e4 s\u00e4hk\u00f6postitse t\u00e4st\u00e4, jos olet nyt jo kiinnostunutsyksyn retriitist\u00e4! &lt;3 \u00a0\" \/>\n<meta property=\"og:url\" content=\"https:\/\/yinbyjennajulia.com\/en\/2026-2\/\" \/>\n<meta property=\"og:site_name\" content=\"Yin by Jenna Julia\" \/>\n<meta property=\"article:modified_time\" content=\"2026-03-16T10:06:57+00:00\" \/>\n<meta property=\"og:image\" content=\"https:\/\/yinbyjennajulia.com\/wp-content\/uploads\/2025\/03\/Retriitit-3.-kuva-768x1152.jpg\" \/>\n<meta name=\"twitter:card\" content=\"summary_large_image\" \/>\n<meta name=\"twitter:label1\" content=\"Estimated reading time\" \/>\n\t<meta name=\"twitter:data1\" content=\"1 minute\" \/>\n<script type=\"application\/ld+json\" class=\"yoast-schema-graph\">{\"@context\":\"https:\/\/schema.org\",\"@graph\":[{\"@type\":\"WebPage\",\"@id\":\"https:\/\/yinbyjennajulia.com\/2026-2\/\",\"url\":\"https:\/\/yinbyjennajulia.com\/2026-2\/\",\"name\":\"Marraskuu 2025 - Yin by Jenna Julia\",\"isPartOf\":{\"@id\":\"https:\/\/yinbyjennajulia.com\/#website\"},\"primaryImageOfPage\":{\"@id\":\"https:\/\/yinbyjennajulia.com\/2026-2\/#primaryimage\"},\"image\":{\"@id\":\"https:\/\/yinbyjennajulia.com\/2026-2\/#primaryimage\"},\"thumbnailUrl\":\"https:\/\/yinbyjennajulia.com\/wp-content\/uploads\/2025\/03\/Retriitit-3.-kuva-768x1152.jpg\",\"datePublished\":\"2025-03-22T12:30:18+00:00\",\"dateModified\":\"2026-03-16T10:06:57+00:00\",\"breadcrumb\":{\"@id\":\"https:\/\/yinbyjennajulia.com\/2026-2\/#breadcrumb\"},\"inLanguage\":\"en-GB\",\"potentialAction\":[{\"@type\":\"ReadAction\",\"target\":[\"https:\/\/yinbyjennajulia.com\/2026-2\/\"]}]},{\"@type\":\"ImageObject\",\"inLanguage\":\"en-GB\",\"@id\":\"https:\/\/yinbyjennajulia.com\/2026-2\/#primaryimage\",\"url\":\"https:\/\/yinbyjennajulia.com\/wp-content\/uploads\/2025\/03\/Retriitit-3.-kuva-768x1152.jpg\",\"contentUrl\":\"https:\/\/yinbyjennajulia.com\/wp-content\/uploads\/2025\/03\/Retriitit-3.-kuva-768x1152.jpg\"},{\"@type\":\"BreadcrumbList\",\"@id\":\"https:\/\/yinbyjennajulia.com\/2026-2\/#breadcrumb\",\"itemListElement\":[{\"@type\":\"ListItem\",\"position\":1,\"name\":\"Home\",\"item\":\"https:\/\/yinbyjennajulia.com\/\"},{\"@type\":\"ListItem\",\"position\":2,\"name\":\"Marraskuu 2025\"}]},{\"@type\":\"WebSite\",\"@id\":\"https:\/\/yinbyjennajulia.com\/#website\",\"url\":\"https:\/\/yinbyjennajulia.com\/\",\"name\":\"Yin by Jenna Julia\",\"description\":\"Joogaretriitit\",\"publisher\":{\"@id\":\"https:\/\/yinbyjennajulia.com\/#organization\"},\"potentialAction\":[{\"@type\":\"SearchAction\",\"target\":{\"@type\":\"EntryPoint\",\"urlTemplate\":\"https:\/\/yinbyjennajulia.com\/?s={search_term_string}\"},\"query-input\":{\"@type\":\"PropertyValueSpecification\",\"valueRequired\":true,\"valueName\":\"search_term_string\"}}],\"inLanguage\":\"en-GB\"},{\"@type\":\"Organization\",\"@id\":\"https:\/\/yinbyjennajulia.com\/#organization\",\"name\":\"Yin by Jenna Julia\",\"url\":\"https:\/\/yinbyjennajulia.com\/\",\"logo\":{\"@type\":\"ImageObject\",\"inLanguage\":\"en-GB\",\"@id\":\"https:\/\/yinbyjennajulia.com\/#\/schema\/logo\/image\/\",\"url\":\"https:\/\/yinbyjennajulia.com\/wp-content\/uploads\/2025\/02\/Nimeton-malli-2025-02-19T094355.680.png\",\"contentUrl\":\"https:\/\/yinbyjennajulia.com\/wp-content\/uploads\/2025\/02\/Nimeton-malli-2025-02-19T094355.680.png\",\"width\":3125,\"height\":625,\"caption\":\"Yin by Jenna Julia\"},\"image\":{\"@id\":\"https:\/\/yinbyjennajulia.com\/#\/schema\/logo\/image\/\"}}]}<\/script>\n<!-- \/ Yoast SEO plugin. -->","yoast_head_json":{"title":"Marraskuu 2025 - Yin by Jenna Julia","robots":{"index":"index","follow":"follow","max-snippet":"max-snippet:-1","max-image-preview":"max-image-preview:large","max-video-preview":"max-video-preview:-1"},"canonical":"https:\/\/yinbyjennajulia.com\/en\/2026-2\/","og_locale":"en_GB","og_type":"article","og_title":"Marraskuu 2025 - Yin by Jenna Julia","og_description":"\u00a0\u00a0Syksyll\u00e4 2026 tulossa uusi retriitti, pysy kuulolla!\u00a0Laita viesti\u00e4 s\u00e4hk\u00f6postitse t\u00e4st\u00e4, jos olet nyt jo kiinnostunutsyksyn retriitist\u00e4! &lt;3 \u00a0","og_url":"https:\/\/yinbyjennajulia.com\/en\/2026-2\/","og_site_name":"Yin by Jenna Julia","article_modified_time":"2026-03-16T10:06:57+00:00","og_image":[{"url":"https:\/\/yinbyjennajulia.com\/wp-content\/uploads\/2025\/03\/Retriitit-3.-kuva-768x1152.jpg","type":"","width":"","height":""}],"twitter_card":"summary_large_image","twitter_misc":{"Estimated reading time":"1 minute"},"schema":{"@context":"https:\/\/schema.org","@graph":[{"@type":"WebPage","@id":"https:\/\/yinbyjennajulia.com\/2026-2\/","url":"https:\/\/yinbyjennajulia.com\/2026-2\/","name":"Marraskuu 2025 - Yin by Jenna Julia","isPartOf":{"@id":"https:\/\/yinbyjennajulia.com\/#website"},"primaryImageOfPage":{"@id":"https:\/\/yinbyjennajulia.com\/2026-2\/#primaryimage"},"image":{"@id":"https:\/\/yinbyjennajulia.com\/2026-2\/#primaryimage"},"thumbnailUrl":"https:\/\/yinbyjennajulia.com\/wp-content\/uploads\/2025\/03\/Retriitit-3.-kuva-768x1152.jpg","datePublished":"2025-03-22T12:30:18+00:00","dateModified":"2026-03-16T10:06:57+00:00","breadcrumb":{"@id":"https:\/\/yinbyjennajulia.com\/2026-2\/#breadcrumb"},"inLanguage":"en-GB","potentialAction":[{"@type":"ReadAction","target":["https:\/\/yinbyjennajulia.com\/2026-2\/"]}]},{"@type":"ImageObject","inLanguage":"en-GB","@id":"https:\/\/yinbyjennajulia.com\/2026-2\/#primaryimage","url":"https:\/\/yinbyjennajulia.com\/wp-content\/uploads\/2025\/03\/Retriitit-3.-kuva-768x1152.jpg","contentUrl":"https:\/\/yinbyjennajulia.com\/wp-content\/uploads\/2025\/03\/Retriitit-3.-kuva-768x1152.jpg"},{"@type":"BreadcrumbList","@id":"https:\/\/yinbyjennajulia.com\/2026-2\/#breadcrumb","itemListElement":[{"@type":"ListItem","position":1,"name":"Home","item":"https:\/\/yinbyjennajulia.com\/"},{"@type":"ListItem","position":2,"name":"Marraskuu 2025"}]},{"@type":"WebSite","@id":"https:\/\/yinbyjennajulia.com\/#website","url":"https:\/\/yinbyjennajulia.com\/","name":"Yin by Jenna Julia","description":"Joogaretriitit","publisher":{"@id":"https:\/\/yinbyjennajulia.com\/#organization"},"potentialAction":[{"@type":"SearchAction","target":{"@type":"EntryPoint","urlTemplate":"https:\/\/yinbyjennajulia.com\/?s={search_term_string}"},"query-input":{"@type":"PropertyValueSpecification","valueRequired":true,"valueName":"search_term_string"}}],"inLanguage":"en-GB"},{"@type":"Organization","@id":"https:\/\/yinbyjennajulia.com\/#organization","name":"Yin by Jenna Julia","url":"https:\/\/yinbyjennajulia.com\/","logo":{"@type":"ImageObject","inLanguage":"en-GB","@id":"https:\/\/yinbyjennajulia.com\/#\/schema\/logo\/image\/","url":"https:\/\/yinbyjennajulia.com\/wp-content\/uploads\/2025\/02\/Nimeton-malli-2025-02-19T094355.680.png","contentUrl":"https:\/\/yinbyjennajulia.com\/wp-content\/uploads\/2025\/02\/Nimeton-malli-2025-02-19T094355.680.png","width":3125,"height":625,"caption":"Yin by Jenna Julia"},"image":{"@id":"https:\/\/yinbyjennajulia.com\/#\/schema\/logo\/image\/"}}]}},"_links":{"self":[{"href":"https:\/\/yinbyjennajulia.com\/en\/wp-json\/wp\/v2\/pages\/330","targetHints":{"allow":["GET"]}}],"collection":[{"href":"https:\/\/yinbyjennajulia.com\/en\/wp-json\/wp\/v2\/pages"}],"about":[{"href":"https:\/\/yinbyjennajulia.com\/en\/wp-json\/wp\/v2\/types\/page"}],"author":[{"embeddable":true,"href":"https:\/\/yinbyjennajulia.com\/en\/wp-json\/wp\/v2\/users\/1"}],"replies":[{"embeddable":true,"href":"https:\/\/yinbyjennajulia.com\/en\/wp-json\/wp\/v2\/comments?post=330"}],"version-history":[{"count":25,"href":"https:\/\/yinbyjennajulia.com\/en\/wp-json\/wp\/v2\/pages\/330\/revisions"}],"predecessor-version":[{"id":1062,"href":"https:\/\/yinbyjennajulia.com\/en\/wp-json\/wp\/v2\/pages\/330\/revisions\/1062"}],"wp:attachment":[{"href":"https:\/\/yinbyjennajulia.com\/en\/wp-json\/wp\/v2\/media?parent=330"}],"curies":[{"name":"wp","href":"https:\/\/api.w.org\/{rel}","templated":true}]}}