{"id":564,"date":"2025-06-11T06:09:00","date_gmt":"2025-06-11T06:09:00","guid":{"rendered":"https:\/\/yinbyjennajulia.com\/?page_id=564"},"modified":"2026-03-15T18:16:33","modified_gmt":"2026-03-15T18:16:33","slug":"kokemuksia","status":"publish","type":"page","link":"https:\/\/yinbyjennajulia.com\/en\/kokemuksia\/","title":{"rendered":"Testimonials"},"content":{"rendered":"<div data-elementor-type=\"wp-page\" data-elementor-id=\"564\" class=\"elementor elementor-564\" data-elementor-post-type=\"page\">\n\t\t\t\t<div class=\"elementor-element elementor-element-60c60a58 e-flex e-con-boxed e-con e-parent\" data-id=\"60c60a58\" data-element_type=\"container\" data-settings=\"{&quot;background_background&quot;:&quot;classic&quot;}\">\n\t\t\t\t\t<div class=\"e-con-inner\">\n\t\t<div class=\"elementor-element elementor-element-21597967 e-con-full e-flex e-con e-child\" data-id=\"21597967\" data-element_type=\"container\">\n\t\t\t\t<div class=\"elementor-element elementor-element-56ac82d2 elementor-widget elementor-widget-heading\" data-id=\"56ac82d2\" data-element_type=\"widget\" data-widget_type=\"heading.default\">\n\t\t\t\t<div class=\"elementor-widget-container\">\n\t\t\t\t\t<h2 class=\"elementor-heading-title elementor-size-default\">Testimonials\n<\/h2>\t\t\t\t<\/div>\n\t\t\t\t<\/div>\n\t\t\t\t<div class=\"elementor-element elementor-element-69e766ca elementor-widget elementor-widget-text-editor\" data-id=\"69e766ca\" data-element_type=\"widget\" data-widget_type=\"text-editor.default\">\n\t\t\t\t<div class=\"elementor-widget-container\">\n\t\t\t\t\t\t\t\t\t<p class=\"p1\">\u201dT\u00e4m\u00e4 oli paras \u00e4\u00e4nimaljarentoutus miss\u00e4 olen k\u00e4ynyt. Olen aiemmin ollut muutaman eri ohjaajan tunnilla mutta t\u00e4ss\u00e4 oikeasti rentoutui ja tuntui ett\u00e4 jotenkin irtaantui kropastaan mit\u00e4 ei aiemmin ole koskaan k\u00e4ynyt. My\u00f6s korttien nostaminen lopussa oli kiva juttu. Kiitos :)\u201d<\/p><p class=\"p1\">\u201dJenna sai luotua meid\u00e4n toimistotiloihin tunnelmallisen fiiliksen, jossa pystyi rentoutumaan ja siirt\u00e4m\u00e4\u00e4n kaiken muun hetkellisesti sivuun. Osallistuisin ilomielin tunnille uudestaan :)\u201d<\/p><p class=\"p1\">\u201dIhana hetki ty\u00f6p\u00e4iv\u00e4n ja viikon p\u00e4\u00e4tteeksi. En ollut ennen ollut, joten uusi kokemus. En muista koska olisin nukkunut yht\u00e4 hyvin kuin viikonloppuna, joten aion ehdottomasti menn\u00e4 \u00e4\u00e4nimaljarentoutukseen joskus toistekkin.\u201d<\/p><p class=\"p1\">\u201dOli tosi kiva rentoutus \ud83d\ude42 en ollut aiemmin k\u00e4ynyt, joten oli mielenkiintoinen kokemus. Ensin luulin ett\u00e4 en pysty rentoutumaan, mutta sitten ihan yht\u00e4kki\u00e4 napsauttamalla rentouduin ja my\u00f6s nukahdin \ud83d\ude42 Kiitos, oli kiva kokemus!\u201d<\/p><p>-Yrityksen hyvinvointip\u00e4iv\u00e4n \u00e4\u00e4nimaljahoidon palautteet<\/p><p>\u00a0<\/p><p class=\"p1\">\u201cJennan tunnilla oli lempe\u00e4 ja rauhallinen tunnelma, jossa sai olla t\u00e4ysin omana itsen\u00e4\u00e4n. P\u00e4\u00e4sin uppoutumaan omaan kuplaani ja olemaan l\u00e4sn\u00e4 vain itse\u00e4ni varten. Ihana viikonaloitus!<span class=\"s1\">\u2728<\/span>\u201d<\/p><p>-Julia<\/p><p>\u00a0<\/p><p class=\"p1\">\u201dI remember the first time I walked into Jenna\u2019s class\u2026 I had no idea how much I needed it. Her presence was so calm, so quietly powerful, it immediately softened something in me.<\/p><p class=\"p1\">Since the very first session, I knew Jenna\u2019s teaching was going to be something sacred. The way she holds space\u2026 with such grounded presence and intuitive wisdom, makes each class feel like coming home to myself.<\/p><p class=\"p1\">Her energy is super zen, radiant, and deeply nurturing. Even just the sound of her voice carries me inward, like a gentle flow that helps me soften, open, and <strong>surrender<\/strong>\u2026 not only to the pose, but to my own truth.<\/p><p class=\"p1\">She teaches from a place of deep listening and embodiment. And above all, she reminds me, again and again: <strong>be gentle to yourself<\/strong>.<\/p><p class=\"p1\">Her teachings are a return to breath, to stillness, to <strong>trust<\/strong>. I\u2019ve learned how to <strong>surrender<\/strong>. How to soften. How to stay with what\u2019s here, without judgment.<\/p><p class=\"p1\">Jenna doesn\u2019t just teach yin yoga. She guides me with clarity, kindness, and this quiet strength that somehow makes me feel super safe to <strong>let go<\/strong>.<\/p><p class=\"p1\">After every session with Jenna, I feel clearer, lighter, and somehow more whole.<\/p><p class=\"p1\">Thank you, Jenna, for guiding with so much grace. Your presence is a gift, and your work is pure <strong>magic<\/strong> <span class=\"s1\">\u2728<\/span>\u201d<\/p><p class=\"p1\">-Wenly, Indonesia<\/p><p>\u00a0<\/p><p class=\"p1\">\u201cJenna is a very grounding, sweet and lovely person that made my experience of sharing a Yin class with her even more wholesome. I felt safe and could let go of all negative emotions and allow my body and mind to relax. My experience in Yin Yoga classes before wasn\u2019t that good, as I never felt the connection between the practice and my body\/mind. But with Jenna it felt amazing. She didn\u2019t rush things and was very gentle. I highly recommend to try her classes and feel amazing afterwards! <span class=\"s1\">\ud83d\udc9b<\/span>\u201d<\/p><p class=\"p1\">-Carla, Germany<\/p><p>\u00a0<\/p><p class=\"p1\">\u201dThank you, Jenna, for holding such a beautiful space in every Yin session we\u2019ve shared. Your calming presence, gentle guidance, and grounding energy have brought me back to myself more than once.<\/p><p class=\"p1\">Each class feels like a soft landing\u2026.a space to breathe, to let go, and just be.<\/p><p class=\"p1\">I\u2019m so grateful for the peace you\u2019ve helped me find in stillness. Can\u2019t get enough of your Sessions <span class=\"s1\">\u2728&#8221;<\/span><\/p><p class=\"p1\">-Nati, Germany<\/p><p>\u00a0<\/p><p class=\"p1\">\u201cJenna creates such a warm and beautiful space in her Yin Yoga space. The addition of sound healing bowls makes the experience feel truly magical, her voice is soothing, and the asana practices she selects are always so helpful for my back pain. Every class leaves me feeling lighter, more at peace, and deeply grateful for the experience <span class=\"s1\">\u2764\ufe0f<\/span>\u201d<\/p><p class=\"p1\">-Amina, Spain<\/p><p>\u00a0<\/p><p class=\"p1\">\u201dI\u2019m Francky and I discovered yin yoga with Jenna. At first I always fall asleep because of the softness of her voice and her way to speak, then I felt the goodness in my body. She is really a peaceful great woman that I recommend, try once and you will keep coming back.\u201d<\/p><p class=\"p1\">-Francky, France<\/p><p>\u00a0<\/p><p class=\"p1\">\u201dJenna has a soothing and relaxing voice, a perfect fit for Yin Yoga. I felt very safe and welcomed in the space she created. Jenna\u2019s energy is very rare and her class felt magical.\u201d<\/p><p class=\"p1\">-Bella, Finland<\/p><p>\u00a0<\/p><p class=\"p1\">\u201cI discovered Yin Yoga with Jenna, and it quickly became something very special for me. Her gentle energy, her calm voice, and the peaceful atmosphere she creates make each session feel genuinely restorative. It\u2019s a moment that really helps both my body and mind unwind. I\u2019m so grateful I get to experience this with her.\u201d<\/p><p class=\"p1\">-\u00c9milie, France<\/p>\t\t\t\t\t\t\t\t<\/div>\n\t\t\t\t<\/div>\n\t\t\t\t<\/div>\n\t\t<div class=\"elementor-element elementor-element-2406f7cc e-con-full e-flex e-con e-child\" data-id=\"2406f7cc\" data-element_type=\"container\">\n\t\t\t\t<\/div>\n\t\t\t\t\t<\/div>\n\t\t\t\t<\/div>\n\t\t<div class=\"elementor-element elementor-element-62d944df e-flex e-con-boxed e-con e-parent\" data-id=\"62d944df\" data-element_type=\"container\" data-settings=\"{&quot;background_background&quot;:&quot;classic&quot;}\">\n\t\t\t\t\t<div class=\"e-con-inner\">\n\t\t<div class=\"elementor-element elementor-element-7dd32493 e-con-full e-flex e-con e-child\" data-id=\"7dd32493\" data-element_type=\"container\">\n\t\t\t\t<\/div>\n\t\t\t\t\t<\/div>\n\t\t\t\t<\/div>\n\t\t\t\t<\/div>","protected":false},"excerpt":{"rendered":"<p>Kokemuksia \u201dT\u00e4m\u00e4 oli paras \u00e4\u00e4nimaljarentoutus miss\u00e4 olen k\u00e4ynyt. Olen aiemmin ollut muutaman eri ohjaajan tunnilla mutta t\u00e4ss\u00e4 oikeasti rentoutui ja tuntui ett\u00e4 jotenkin irtaantui kropastaan mit\u00e4 ei aiemmin ole koskaan k\u00e4ynyt. My\u00f6s korttien nostaminen lopussa oli kiva juttu. Kiitos :)\u201d \u201dJenna sai luotua meid\u00e4n toimistotiloihin tunnelmallisen fiiliksen, jossa pystyi rentoutumaan ja siirt\u00e4m\u00e4\u00e4n kaiken muun hetkellisesti [&hellip;]<\/p>","protected":false},"author":2,"featured_media":0,"parent":0,"menu_order":0,"comment_status":"closed","ping_status":"closed","template":"","meta":{"footnotes":""},"class_list":["post-564","page","type-page","status-publish","hentry"],"yoast_head":"<!-- This site is optimized with the Yoast SEO plugin v24.7 - https:\/\/yoast.com\/wordpress\/plugins\/seo\/ -->\n<title>Kokemuksia - Yin by Jenna Julia<\/title>\n<meta name=\"robots\" content=\"index, follow, max-snippet:-1, max-image-preview:large, max-video-preview:-1\" \/>\n<link rel=\"canonical\" href=\"https:\/\/yinbyjennajulia.com\/en\/kokemuksia\/\" \/>\n<meta property=\"og:locale\" content=\"en_GB\" \/>\n<meta property=\"og:type\" content=\"article\" \/>\n<meta property=\"og:title\" content=\"Kokemuksia - Yin by Jenna Julia\" \/>\n<meta property=\"og:description\" content=\"Kokemuksia \u201dT\u00e4m\u00e4 oli paras \u00e4\u00e4nimaljarentoutus miss\u00e4 olen k\u00e4ynyt. Olen aiemmin ollut muutaman eri ohjaajan tunnilla mutta t\u00e4ss\u00e4 oikeasti rentoutui ja tuntui ett\u00e4 jotenkin irtaantui kropastaan mit\u00e4 ei aiemmin ole koskaan k\u00e4ynyt. My\u00f6s korttien nostaminen lopussa oli kiva juttu. Kiitos :)\u201d \u201dJenna sai luotua meid\u00e4n toimistotiloihin tunnelmallisen fiiliksen, jossa pystyi rentoutumaan ja siirt\u00e4m\u00e4\u00e4n kaiken muun hetkellisesti [&hellip;]\" \/>\n<meta property=\"og:url\" content=\"https:\/\/yinbyjennajulia.com\/en\/kokemuksia\/\" \/>\n<meta property=\"og:site_name\" content=\"Yin by Jenna Julia\" \/>\n<meta property=\"article:modified_time\" content=\"2026-03-15T18:16:33+00:00\" \/>\n<meta name=\"twitter:card\" content=\"summary_large_image\" \/>\n<meta name=\"twitter:label1\" content=\"Estimated reading time\" \/>\n\t<meta name=\"twitter:data1\" content=\"6 minutes\" \/>\n<script type=\"application\/ld+json\" class=\"yoast-schema-graph\">{\"@context\":\"https:\/\/schema.org\",\"@graph\":[{\"@type\":\"WebPage\",\"@id\":\"https:\/\/yinbyjennajulia.com\/kokemuksia\/\",\"url\":\"https:\/\/yinbyjennajulia.com\/kokemuksia\/\",\"name\":\"Kokemuksia - Yin by Jenna Julia\",\"isPartOf\":{\"@id\":\"https:\/\/yinbyjennajulia.com\/#website\"},\"datePublished\":\"2025-06-11T06:09:00+00:00\",\"dateModified\":\"2026-03-15T18:16:33+00:00\",\"breadcrumb\":{\"@id\":\"https:\/\/yinbyjennajulia.com\/kokemuksia\/#breadcrumb\"},\"inLanguage\":\"en-GB\",\"potentialAction\":[{\"@type\":\"ReadAction\",\"target\":[\"https:\/\/yinbyjennajulia.com\/kokemuksia\/\"]}]},{\"@type\":\"BreadcrumbList\",\"@id\":\"https:\/\/yinbyjennajulia.com\/kokemuksia\/#breadcrumb\",\"itemListElement\":[{\"@type\":\"ListItem\",\"position\":1,\"name\":\"Home\",\"item\":\"https:\/\/yinbyjennajulia.com\/\"},{\"@type\":\"ListItem\",\"position\":2,\"name\":\"Kokemuksia\"}]},{\"@type\":\"WebSite\",\"@id\":\"https:\/\/yinbyjennajulia.com\/#website\",\"url\":\"https:\/\/yinbyjennajulia.com\/\",\"name\":\"Yin by Jenna Julia\",\"description\":\"Joogaretriitit\",\"publisher\":{\"@id\":\"https:\/\/yinbyjennajulia.com\/#organization\"},\"potentialAction\":[{\"@type\":\"SearchAction\",\"target\":{\"@type\":\"EntryPoint\",\"urlTemplate\":\"https:\/\/yinbyjennajulia.com\/?s={search_term_string}\"},\"query-input\":{\"@type\":\"PropertyValueSpecification\",\"valueRequired\":true,\"valueName\":\"search_term_string\"}}],\"inLanguage\":\"en-GB\"},{\"@type\":\"Organization\",\"@id\":\"https:\/\/yinbyjennajulia.com\/#organization\",\"name\":\"Yin by Jenna Julia\",\"url\":\"https:\/\/yinbyjennajulia.com\/\",\"logo\":{\"@type\":\"ImageObject\",\"inLanguage\":\"en-GB\",\"@id\":\"https:\/\/yinbyjennajulia.com\/#\/schema\/logo\/image\/\",\"url\":\"https:\/\/yinbyjennajulia.com\/wp-content\/uploads\/2025\/02\/Nimeton-malli-2025-02-19T094355.680.png\",\"contentUrl\":\"https:\/\/yinbyjennajulia.com\/wp-content\/uploads\/2025\/02\/Nimeton-malli-2025-02-19T094355.680.png\",\"width\":3125,\"height\":625,\"caption\":\"Yin by Jenna Julia\"},\"image\":{\"@id\":\"https:\/\/yinbyjennajulia.com\/#\/schema\/logo\/image\/\"}}]}<\/script>\n<!-- \/ Yoast SEO plugin. -->","yoast_head_json":{"title":"Kokemuksia - Yin by Jenna Julia","robots":{"index":"index","follow":"follow","max-snippet":"max-snippet:-1","max-image-preview":"max-image-preview:large","max-video-preview":"max-video-preview:-1"},"canonical":"https:\/\/yinbyjennajulia.com\/en\/kokemuksia\/","og_locale":"en_GB","og_type":"article","og_title":"Kokemuksia - Yin by Jenna Julia","og_description":"Kokemuksia \u201dT\u00e4m\u00e4 oli paras \u00e4\u00e4nimaljarentoutus miss\u00e4 olen k\u00e4ynyt. Olen aiemmin ollut muutaman eri ohjaajan tunnilla mutta t\u00e4ss\u00e4 oikeasti rentoutui ja tuntui ett\u00e4 jotenkin irtaantui kropastaan mit\u00e4 ei aiemmin ole koskaan k\u00e4ynyt. My\u00f6s korttien nostaminen lopussa oli kiva juttu. Kiitos :)\u201d \u201dJenna sai luotua meid\u00e4n toimistotiloihin tunnelmallisen fiiliksen, jossa pystyi rentoutumaan ja siirt\u00e4m\u00e4\u00e4n kaiken muun hetkellisesti [&hellip;]","og_url":"https:\/\/yinbyjennajulia.com\/en\/kokemuksia\/","og_site_name":"Yin by Jenna Julia","article_modified_time":"2026-03-15T18:16:33+00:00","twitter_card":"summary_large_image","twitter_misc":{"Estimated reading time":"6 minutes"},"schema":{"@context":"https:\/\/schema.org","@graph":[{"@type":"WebPage","@id":"https:\/\/yinbyjennajulia.com\/kokemuksia\/","url":"https:\/\/yinbyjennajulia.com\/kokemuksia\/","name":"Kokemuksia - Yin by Jenna Julia","isPartOf":{"@id":"https:\/\/yinbyjennajulia.com\/#website"},"datePublished":"2025-06-11T06:09:00+00:00","dateModified":"2026-03-15T18:16:33+00:00","breadcrumb":{"@id":"https:\/\/yinbyjennajulia.com\/kokemuksia\/#breadcrumb"},"inLanguage":"en-GB","potentialAction":[{"@type":"ReadAction","target":["https:\/\/yinbyjennajulia.com\/kokemuksia\/"]}]},{"@type":"BreadcrumbList","@id":"https:\/\/yinbyjennajulia.com\/kokemuksia\/#breadcrumb","itemListElement":[{"@type":"ListItem","position":1,"name":"Home","item":"https:\/\/yinbyjennajulia.com\/"},{"@type":"ListItem","position":2,"name":"Kokemuksia"}]},{"@type":"WebSite","@id":"https:\/\/yinbyjennajulia.com\/#website","url":"https:\/\/yinbyjennajulia.com\/","name":"Yin by Jenna Julia","description":"Joogaretriitit","publisher":{"@id":"https:\/\/yinbyjennajulia.com\/#organization"},"potentialAction":[{"@type":"SearchAction","target":{"@type":"EntryPoint","urlTemplate":"https:\/\/yinbyjennajulia.com\/?s={search_term_string}"},"query-input":{"@type":"PropertyValueSpecification","valueRequired":true,"valueName":"search_term_string"}}],"inLanguage":"en-GB"},{"@type":"Organization","@id":"https:\/\/yinbyjennajulia.com\/#organization","name":"Yin by Jenna Julia","url":"https:\/\/yinbyjennajulia.com\/","logo":{"@type":"ImageObject","inLanguage":"en-GB","@id":"https:\/\/yinbyjennajulia.com\/#\/schema\/logo\/image\/","url":"https:\/\/yinbyjennajulia.com\/wp-content\/uploads\/2025\/02\/Nimeton-malli-2025-02-19T094355.680.png","contentUrl":"https:\/\/yinbyjennajulia.com\/wp-content\/uploads\/2025\/02\/Nimeton-malli-2025-02-19T094355.680.png","width":3125,"height":625,"caption":"Yin by Jenna Julia"},"image":{"@id":"https:\/\/yinbyjennajulia.com\/#\/schema\/logo\/image\/"}}]}},"_links":{"self":[{"href":"https:\/\/yinbyjennajulia.com\/en\/wp-json\/wp\/v2\/pages\/564","targetHints":{"allow":["GET"]}}],"collection":[{"href":"https:\/\/yinbyjennajulia.com\/en\/wp-json\/wp\/v2\/pages"}],"about":[{"href":"https:\/\/yinbyjennajulia.com\/en\/wp-json\/wp\/v2\/types\/page"}],"author":[{"embeddable":true,"href":"https:\/\/yinbyjennajulia.com\/en\/wp-json\/wp\/v2\/users\/2"}],"replies":[{"embeddable":true,"href":"https:\/\/yinbyjennajulia.com\/en\/wp-json\/wp\/v2\/comments?post=564"}],"version-history":[{"count":25,"href":"https:\/\/yinbyjennajulia.com\/en\/wp-json\/wp\/v2\/pages\/564\/revisions"}],"predecessor-version":[{"id":1026,"href":"https:\/\/yinbyjennajulia.com\/en\/wp-json\/wp\/v2\/pages\/564\/revisions\/1026"}],"wp:attachment":[{"href":"https:\/\/yinbyjennajulia.com\/en\/wp-json\/wp\/v2\/media?parent=564"}],"curies":[{"name":"wp","href":"https:\/\/api.w.org\/{rel}","templated":true}]}}