{"id":962,"date":"2026-03-15T17:14:13","date_gmt":"2026-03-15T17:14:13","guid":{"rendered":"https:\/\/yinbyjennajulia.com\/?page_id=962"},"modified":"2026-03-15T18:26:18","modified_gmt":"2026-03-15T18:26:18","slug":"nakijyys","status":"publish","type":"page","link":"https:\/\/yinbyjennajulia.com\/en\/nakijyys\/","title":{"rendered":"Mediumship"},"content":{"rendered":"<div data-elementor-type=\"wp-page\" data-elementor-id=\"962\" class=\"elementor elementor-962\" data-elementor-post-type=\"page\">\n\t\t\t\t<div class=\"elementor-element elementor-element-4eb40e7 e-flex e-con-boxed e-con e-parent\" data-id=\"4eb40e7\" data-element_type=\"container\" data-settings=\"{&quot;background_background&quot;:&quot;classic&quot;}\">\n\t\t\t\t\t<div class=\"e-con-inner\">\n\t\t<div class=\"elementor-element elementor-element-4a0d9198 e-con-full e-flex e-con e-child\" data-id=\"4a0d9198\" data-element_type=\"container\">\n\t\t\t\t<div class=\"elementor-element elementor-element-1a31ba2b elementor-widget elementor-widget-heading\" data-id=\"1a31ba2b\" data-element_type=\"widget\" data-widget_type=\"heading.default\">\n\t\t\t\t<div class=\"elementor-widget-container\">\n\t\t\t\t\t<h2 class=\"elementor-heading-title elementor-size-default\">Mediumship<\/h2>\t\t\t\t<\/div>\n\t\t\t\t<\/div>\n\t\t\t\t<div class=\"elementor-element elementor-element-5124f620 elementor-widget elementor-widget-text-editor\" data-id=\"5124f620\" data-element_type=\"widget\" data-widget_type=\"text-editor.default\">\n\t\t\t\t<div class=\"elementor-widget-container\">\n\t\t\t\t\t\t\t\t\t<div class=\"elementor-element elementor-element-3c0ec181 elementor-widget elementor-widget-heading\" data-id=\"3c0ec181\" data-element_type=\"widget\" data-widget_type=\"heading.default\"><div class=\"elementor-widget-container\"><span style=\"font-family: -apple-system, BlinkMacSystemFont, 'Segoe UI', Roboto, 'Helvetica Neue', Arial, 'Noto Sans', sans-serif, 'Apple Color Emoji', 'Segoe UI Emoji', 'Segoe UI Symbol', 'Noto Color Emoji';\">Olen n\u00e4hnyt jo nuoresta asti. K\u00e4sitykseni mukaan meist\u00e4 jokainen on syntynyt n\u00e4kij\u00e4n\u00e4, mutta vain jotkut p\u00e4\u00e4tyv\u00e4t t\u00e4t\u00e4 lahjaa k\u00e4ytt\u00e4m\u00e4\u00e4n. Kaikilla meill\u00e4 on siihen kuitenkin mahdollisuus.<\/span><\/div><div>\u00a0<\/div><div class=\"elementor-widget-container\"><span style=\"font-family: -apple-system, BlinkMacSystemFont, 'Segoe UI', Roboto, 'Helvetica Neue', Arial, 'Noto Sans', sans-serif, 'Apple Color Emoji', 'Segoe UI Emoji', 'Segoe UI Symbol', 'Noto Color Emoji';\">Olen pitk\u00e4\u00e4n kamppaillut n\u00e4kyv\u00e4ksi tulemisen pelon kanssa oman n\u00e4kijyyteni kanssa. Mutta t\u00e4ss\u00e4 sit\u00e4 nyt ollaan, ihmisen\u00e4 sek\u00e4 n\u00e4kij\u00e4n\u00e4 inhimillisen\u00e4 ja keskener\u00e4isen\u00e4.<\/span><\/div><\/div><div class=\"elementor-element elementor-element-7da34cee elementor-widget elementor-widget-text-editor\" data-id=\"7da34cee\" data-element_type=\"widget\" data-widget_type=\"text-editor.default\"><div class=\"elementor-widget-container\"><p>Olen n\u00e4kijyydess\u00e4ni, sek\u00e4 el\u00e4m\u00e4ss\u00e4ni, avoin vastaanottamaan elon kaikki v\u00e4rit ja s\u00e4vyt. Otan rakkaudella vastaan kirkkaat valot sek\u00e4 synkimm\u00e4t s\u00e4vyt.\u00a0<\/p><p>Oma el\u00e4m\u00e4nkokemukseni, niin kuin varmasti monen muun, on ollut t\u00e4ynn\u00e4 varjoja sek\u00e4 valoja. N\u00e4iden el\u00e4m\u00e4n s\u00e4vyjen kautta olen uteliaana l\u00e4htenyt el\u00e4m\u00e4n pituiselle tutkimusmatkalle n\u00e4kij\u00e4n\u00e4. Nyt olen avoin jakamaan t\u00e4t\u00e4 matkaa my\u00f6s muiden kanssa.<\/p><p>N\u00e4kij\u00e4n\u00e4 minulla on juuret vahvasti maahan juurtuneena ja haluankin pysy\u00e4 mahdollisimman inhimillisen\u00e4 t\u00e4ss\u00e4 kaikkeudessa. El\u00e4m\u00e4n ja n\u00e4kijyyden muotoja opetellessa, askel kerrallaan l\u00e4pi el\u00e4m\u00e4n. &lt;3<\/p><p>N\u00e4kij\u00e4n\u00e4 p\u00e4\u00e4sen k\u00e4ytt\u00e4m\u00e4\u00e4n laajasti selv\u00e4aistejani. Vahvimpina niist\u00e4 minulla toimii selv\u00e4tietoisuus, -n\u00e4k\u00f6isyys, -tuntoisuus sek\u00e4 -kuuloisuus.<\/p><p>N\u00e4kijyydest\u00e4ni jaan enemm\u00e4n Instagram-tilill\u00e4ni\u00a0<a href=\"https:\/\/www.instagram.com\/elonakija?igsh=MWJyY2d0NHBjNHN2Mg%3D%3D&amp;utm_source=qr\">elonakija<\/a><a href=\"https:\/\/www.instagram.com\/elonakija?igsh=MWJyY2d0NHBjNHN2Mg%3D%3D&amp;utm_source=qr\">,\u00a0<\/a>tervetuloa seuraamaan, jos n\u00e4kijyyden teemat kiinnostavat!<\/p><p>Kirjoitan my\u00f6s s\u00e4\u00e4nn\u00f6llisesti Substackiin omia Elon N\u00e4kyj\u00e4 -kirjoituksia, p\u00e4\u00e4set lukemaan niit\u00e4\u00a0<a href=\"https:\/\/substack.com\/@elonakija\">here<\/a>. Voit my\u00f6s sielt\u00e4 liitty\u00e4 postituslistalle ilman kirjautumista ja saat seuraavat kirjoitukseni suoraan s\u00e4hk\u00f6postiisi.<\/p><p>N\u00e4kij\u00e4n\u00e4 uskon ja luotan, ett\u00e4 juuri ne ihmiset l\u00f6yt\u00e4v\u00e4t luokseni, joiden on tarkoitus l\u00f6yt\u00e4\u00e4. &lt;3<\/p><p>\u00a0<\/p><p><span style=\"text-decoration: underline;\">Korttitulkinnat tilauksesta:<\/span><\/p><p>Yhden kysymyksen tai teeman tulkinta \u2013 22e (sis. alv)<\/p><p>Laajempi tulkinta \u2013 33e (sis. alv)<\/p><p>Tulkinnoissa k\u00e4yt\u00e4n intuitiivisesti eri oraakkelikortteja ja kanavoin niiden avulla. Kysy lis\u00e4\u00e4 ja tilaa tulkinta numerosta 045 8085012.<\/p><\/div><\/div>\t\t\t\t\t\t\t\t<\/div>\n\t\t\t\t<\/div>\n\t\t\t\t<\/div>\n\t\t<div class=\"elementor-element elementor-element-1392c6d e-con-full e-flex e-con e-child\" data-id=\"1392c6d\" data-element_type=\"container\">\n\t\t\t\t<div class=\"elementor-element elementor-element-4dc39aae elementor-widget elementor-widget-image\" data-id=\"4dc39aae\" data-element_type=\"widget\" data-widget_type=\"image.default\">\n\t\t\t\t<div class=\"elementor-widget-container\">\n\t\t\t\t\t\t\t\t\t\t\t\t\t\t\t<img fetchpriority=\"high\" decoding=\"async\" width=\"576\" height=\"1024\" src=\"https:\/\/yinbyjennajulia.com\/wp-content\/uploads\/2026\/03\/1772724000424_1-576x1024.jpg\" class=\"attachment-large size-large wp-image-895\" alt=\"\" srcset=\"https:\/\/yinbyjennajulia.com\/wp-content\/uploads\/2026\/03\/1772724000424_1-576x1024.jpg 576w, https:\/\/yinbyjennajulia.com\/wp-content\/uploads\/2026\/03\/1772724000424_1-169x300.jpg 169w, https:\/\/yinbyjennajulia.com\/wp-content\/uploads\/2026\/03\/1772724000424_1-768x1365.jpg 768w, https:\/\/yinbyjennajulia.com\/wp-content\/uploads\/2026\/03\/1772724000424_1-864x1536.jpg 864w, https:\/\/yinbyjennajulia.com\/wp-content\/uploads\/2026\/03\/1772724000424_1-1152x2048.jpg 1152w, https:\/\/yinbyjennajulia.com\/wp-content\/uploads\/2026\/03\/1772724000424_1-7x12.jpg 7w, https:\/\/yinbyjennajulia.com\/wp-content\/uploads\/2026\/03\/1772724000424_1.jpg 1170w\" sizes=\"(max-width: 576px) 100vw, 576px\" \/>\t\t\t\t\t\t\t\t\t\t\t\t\t\t\t<\/div>\n\t\t\t\t<\/div>\n\t\t\t\t<\/div>\n\t\t\t\t\t<\/div>\n\t\t\t\t<\/div>\n\t\t<div class=\"elementor-element elementor-element-4aa31e8a e-flex e-con-boxed e-con e-parent\" data-id=\"4aa31e8a\" data-element_type=\"container\" data-settings=\"{&quot;background_background&quot;:&quot;classic&quot;}\">\n\t\t\t\t\t<div class=\"e-con-inner\">\n\t\t<div class=\"elementor-element elementor-element-7b6506f6 e-con-full e-flex e-con e-child\" data-id=\"7b6506f6\" data-element_type=\"container\">\n\t\t\t\t<div class=\"elementor-element elementor-element-143f00d7 elementor-widget elementor-widget-text-editor\" data-id=\"143f00d7\" data-element_type=\"widget\" data-widget_type=\"text-editor.default\">\n\t\t\t\t<div class=\"elementor-widget-container\">\n\t\t\t\t\t\t\t\t\t<div>\u00a0<\/div><div>Asiakkaiden kokemuksia tulkinnoista:<\/div><div>\u00a0<\/div><div><p class=\"p1\">\u201dHei aivan ihana ja kiitos!!<span class=\"s1\">\u2764\ufe0f <\/span>M\u00e4 sisimm\u00e4ss\u00e4 tunnenkin ett\u00e4 jok uusi sykli on liikahtanut sisimm\u00e4ss\u00e4 vaikkei mit\u00e4\u00e4n ulkoisesti oo tapahtunut.. ehk\u00e4 siihen tuo toka kortti onkin et kyll\u00e4 kaikki sielt\u00e4 aukeaa <span class=\"s1\">\ud83d\ude0d<\/span> s\u00e4ilytt\u00e4en vision ja oman toiveen, kiitos paljon t\u00e4\u00e4 oli loistava!<span class=\"s1\">\ud83d\ude4f\ud83c\udffc\u2764\ufe0f<\/span>\u201d<\/p><p>&#8221;Kiitos Jenna tulkinnastasi <span class=\"s1\">\ud83d\ude4f\ud83c\udffc\u2764\ufe0f jo pelkk\u00e4 sun \u00e4\u00e4ni ja rauhallinen kerronta rentoutti ja sai hyv\u00e4n ja l\u00e4mpim\u00e4n olon \u2764\ufe0f koko tulkinta tuntui todelta ja ihan kuin minulle tehty, tuli jotenkin niin rauhallinen olo tulkinnasta kiitos paljon \ud83d\ude0d\u201d<\/span><\/p><p><span class=\"s1\">&#8221;Hei Jenna \u2764\ufe0f Kiitos paljon tulkinnastasi \ud83d\ude4f\ud83c\udffc\u2764\ufe0f Resonoi tosi paljon ja oli ihanaa kuulla ett\u00e4 henkioppaani olivat innoissaan. \u2764\ufe0f Sain t\u00e4st\u00e4 tulkinnastasi paljon hyvi\u00e4 neuvoja ja vahvistusta ajatuksilleni \ud83d\ude4f\ud83c\udffc Oli ihanaa tuntea se l\u00e4mp\u00f6 mik\u00e4 tuli t\u00e4st\u00e4 tulkinnasta. Se v\u00e4litty todella hyvin. Kiitos, Kiitos, Kiitos \ud83d\ude4f\ud83c\udffc\u2764\ufe0f<\/span>\u201d<\/p><\/div>\t\t\t\t\t\t\t\t<\/div>\n\t\t\t\t<\/div>\n\t\t\t\t<\/div>\n\t\t\t\t\t<\/div>\n\t\t\t\t<\/div>\n\t\t\t\t<\/div>","protected":false},"excerpt":{"rendered":"<p>N\u00e4kijyys Olen n\u00e4hnyt jo nuoresta asti. K\u00e4sitykseni mukaan meist\u00e4 jokainen on syntynyt n\u00e4kij\u00e4n\u00e4, mutta vain jotkut p\u00e4\u00e4tyv\u00e4t t\u00e4t\u00e4 lahjaa k\u00e4ytt\u00e4m\u00e4\u00e4n. Kaikilla meill\u00e4 on siihen kuitenkin mahdollisuus.\u00a0Olen pitk\u00e4\u00e4n kamppaillut n\u00e4kyv\u00e4ksi tulemisen pelon kanssa oman n\u00e4kijyyteni kanssa. Mutta t\u00e4ss\u00e4 sit\u00e4 nyt ollaan, ihmisen\u00e4 sek\u00e4 n\u00e4kij\u00e4n\u00e4 inhimillisen\u00e4 ja keskener\u00e4isen\u00e4. Olen n\u00e4kijyydess\u00e4ni, sek\u00e4 el\u00e4m\u00e4ss\u00e4ni, avoin vastaanottamaan elon kaikki v\u00e4rit [&hellip;]<\/p>","protected":false},"author":2,"featured_media":0,"parent":0,"menu_order":0,"comment_status":"closed","ping_status":"closed","template":"","meta":{"footnotes":""},"class_list":["post-962","page","type-page","status-publish","hentry"],"yoast_head":"<!-- This site is optimized with the Yoast SEO plugin v24.7 - https:\/\/yoast.com\/wordpress\/plugins\/seo\/ -->\n<title>N\u00e4kijyys - Yin by Jenna Julia<\/title>\n<meta name=\"robots\" content=\"index, follow, max-snippet:-1, max-image-preview:large, max-video-preview:-1\" \/>\n<link rel=\"canonical\" href=\"https:\/\/yinbyjennajulia.com\/en\/nakijyys\/\" \/>\n<meta property=\"og:locale\" content=\"en_GB\" \/>\n<meta property=\"og:type\" content=\"article\" \/>\n<meta property=\"og:title\" content=\"N\u00e4kijyys - Yin by Jenna Julia\" \/>\n<meta property=\"og:description\" content=\"N\u00e4kijyys Olen n\u00e4hnyt jo nuoresta asti. K\u00e4sitykseni mukaan meist\u00e4 jokainen on syntynyt n\u00e4kij\u00e4n\u00e4, mutta vain jotkut p\u00e4\u00e4tyv\u00e4t t\u00e4t\u00e4 lahjaa k\u00e4ytt\u00e4m\u00e4\u00e4n. Kaikilla meill\u00e4 on siihen kuitenkin mahdollisuus.\u00a0Olen pitk\u00e4\u00e4n kamppaillut n\u00e4kyv\u00e4ksi tulemisen pelon kanssa oman n\u00e4kijyyteni kanssa. Mutta t\u00e4ss\u00e4 sit\u00e4 nyt ollaan, ihmisen\u00e4 sek\u00e4 n\u00e4kij\u00e4n\u00e4 inhimillisen\u00e4 ja keskener\u00e4isen\u00e4. Olen n\u00e4kijyydess\u00e4ni, sek\u00e4 el\u00e4m\u00e4ss\u00e4ni, avoin vastaanottamaan elon kaikki v\u00e4rit [&hellip;]\" \/>\n<meta property=\"og:url\" content=\"https:\/\/yinbyjennajulia.com\/en\/nakijyys\/\" \/>\n<meta property=\"og:site_name\" content=\"Yin by Jenna Julia\" \/>\n<meta property=\"article:modified_time\" content=\"2026-03-15T18:26:18+00:00\" \/>\n<meta property=\"og:image\" content=\"https:\/\/yinbyjennajulia.com\/wp-content\/uploads\/2026\/03\/1772724000424_1.jpg\" \/>\n\t<meta property=\"og:image:width\" content=\"1170\" \/>\n\t<meta property=\"og:image:height\" content=\"2080\" \/>\n\t<meta property=\"og:image:type\" content=\"image\/jpeg\" \/>\n<meta name=\"twitter:card\" content=\"summary_large_image\" \/>\n<meta name=\"twitter:label1\" content=\"Estimated reading time\" \/>\n\t<meta name=\"twitter:data1\" content=\"7 minutes\" \/>\n<script type=\"application\/ld+json\" class=\"yoast-schema-graph\">{\"@context\":\"https:\/\/schema.org\",\"@graph\":[{\"@type\":\"WebPage\",\"@id\":\"https:\/\/yinbyjennajulia.com\/nakijyys\/\",\"url\":\"https:\/\/yinbyjennajulia.com\/nakijyys\/\",\"name\":\"N\u00e4kijyys - Yin by Jenna Julia\",\"isPartOf\":{\"@id\":\"https:\/\/yinbyjennajulia.com\/#website\"},\"primaryImageOfPage\":{\"@id\":\"https:\/\/yinbyjennajulia.com\/nakijyys\/#primaryimage\"},\"image\":{\"@id\":\"https:\/\/yinbyjennajulia.com\/nakijyys\/#primaryimage\"},\"thumbnailUrl\":\"https:\/\/yinbyjennajulia.com\/wp-content\/uploads\/2026\/03\/1772724000424_1-576x1024.jpg\",\"datePublished\":\"2026-03-15T17:14:13+00:00\",\"dateModified\":\"2026-03-15T18:26:18+00:00\",\"breadcrumb\":{\"@id\":\"https:\/\/yinbyjennajulia.com\/nakijyys\/#breadcrumb\"},\"inLanguage\":\"en-GB\",\"potentialAction\":[{\"@type\":\"ReadAction\",\"target\":[\"https:\/\/yinbyjennajulia.com\/nakijyys\/\"]}]},{\"@type\":\"ImageObject\",\"inLanguage\":\"en-GB\",\"@id\":\"https:\/\/yinbyjennajulia.com\/nakijyys\/#primaryimage\",\"url\":\"https:\/\/yinbyjennajulia.com\/wp-content\/uploads\/2026\/03\/1772724000424_1-576x1024.jpg\",\"contentUrl\":\"https:\/\/yinbyjennajulia.com\/wp-content\/uploads\/2026\/03\/1772724000424_1-576x1024.jpg\"},{\"@type\":\"BreadcrumbList\",\"@id\":\"https:\/\/yinbyjennajulia.com\/nakijyys\/#breadcrumb\",\"itemListElement\":[{\"@type\":\"ListItem\",\"position\":1,\"name\":\"Home\",\"item\":\"https:\/\/yinbyjennajulia.com\/\"},{\"@type\":\"ListItem\",\"position\":2,\"name\":\"N\u00e4kijyys\"}]},{\"@type\":\"WebSite\",\"@id\":\"https:\/\/yinbyjennajulia.com\/#website\",\"url\":\"https:\/\/yinbyjennajulia.com\/\",\"name\":\"Yin by Jenna Julia\",\"description\":\"Joogaretriitit\",\"publisher\":{\"@id\":\"https:\/\/yinbyjennajulia.com\/#organization\"},\"potentialAction\":[{\"@type\":\"SearchAction\",\"target\":{\"@type\":\"EntryPoint\",\"urlTemplate\":\"https:\/\/yinbyjennajulia.com\/?s={search_term_string}\"},\"query-input\":{\"@type\":\"PropertyValueSpecification\",\"valueRequired\":true,\"valueName\":\"search_term_string\"}}],\"inLanguage\":\"en-GB\"},{\"@type\":\"Organization\",\"@id\":\"https:\/\/yinbyjennajulia.com\/#organization\",\"name\":\"Yin by Jenna Julia\",\"url\":\"https:\/\/yinbyjennajulia.com\/\",\"logo\":{\"@type\":\"ImageObject\",\"inLanguage\":\"en-GB\",\"@id\":\"https:\/\/yinbyjennajulia.com\/#\/schema\/logo\/image\/\",\"url\":\"https:\/\/yinbyjennajulia.com\/wp-content\/uploads\/2025\/02\/Nimeton-malli-2025-02-19T094355.680.png\",\"contentUrl\":\"https:\/\/yinbyjennajulia.com\/wp-content\/uploads\/2025\/02\/Nimeton-malli-2025-02-19T094355.680.png\",\"width\":3125,\"height\":625,\"caption\":\"Yin by Jenna Julia\"},\"image\":{\"@id\":\"https:\/\/yinbyjennajulia.com\/#\/schema\/logo\/image\/\"}}]}<\/script>\n<!-- \/ Yoast SEO plugin. -->","yoast_head_json":{"title":"N\u00e4kijyys - Yin by Jenna Julia","robots":{"index":"index","follow":"follow","max-snippet":"max-snippet:-1","max-image-preview":"max-image-preview:large","max-video-preview":"max-video-preview:-1"},"canonical":"https:\/\/yinbyjennajulia.com\/en\/nakijyys\/","og_locale":"en_GB","og_type":"article","og_title":"N\u00e4kijyys - Yin by Jenna Julia","og_description":"N\u00e4kijyys Olen n\u00e4hnyt jo nuoresta asti. K\u00e4sitykseni mukaan meist\u00e4 jokainen on syntynyt n\u00e4kij\u00e4n\u00e4, mutta vain jotkut p\u00e4\u00e4tyv\u00e4t t\u00e4t\u00e4 lahjaa k\u00e4ytt\u00e4m\u00e4\u00e4n. Kaikilla meill\u00e4 on siihen kuitenkin mahdollisuus.\u00a0Olen pitk\u00e4\u00e4n kamppaillut n\u00e4kyv\u00e4ksi tulemisen pelon kanssa oman n\u00e4kijyyteni kanssa. Mutta t\u00e4ss\u00e4 sit\u00e4 nyt ollaan, ihmisen\u00e4 sek\u00e4 n\u00e4kij\u00e4n\u00e4 inhimillisen\u00e4 ja keskener\u00e4isen\u00e4. Olen n\u00e4kijyydess\u00e4ni, sek\u00e4 el\u00e4m\u00e4ss\u00e4ni, avoin vastaanottamaan elon kaikki v\u00e4rit [&hellip;]","og_url":"https:\/\/yinbyjennajulia.com\/en\/nakijyys\/","og_site_name":"Yin by Jenna Julia","article_modified_time":"2026-03-15T18:26:18+00:00","og_image":[{"width":1170,"height":2080,"url":"https:\/\/yinbyjennajulia.com\/wp-content\/uploads\/2026\/03\/1772724000424_1.jpg","type":"image\/jpeg"}],"twitter_card":"summary_large_image","twitter_misc":{"Estimated reading time":"7 minutes"},"schema":{"@context":"https:\/\/schema.org","@graph":[{"@type":"WebPage","@id":"https:\/\/yinbyjennajulia.com\/nakijyys\/","url":"https:\/\/yinbyjennajulia.com\/nakijyys\/","name":"N\u00e4kijyys - Yin by Jenna Julia","isPartOf":{"@id":"https:\/\/yinbyjennajulia.com\/#website"},"primaryImageOfPage":{"@id":"https:\/\/yinbyjennajulia.com\/nakijyys\/#primaryimage"},"image":{"@id":"https:\/\/yinbyjennajulia.com\/nakijyys\/#primaryimage"},"thumbnailUrl":"https:\/\/yinbyjennajulia.com\/wp-content\/uploads\/2026\/03\/1772724000424_1-576x1024.jpg","datePublished":"2026-03-15T17:14:13+00:00","dateModified":"2026-03-15T18:26:18+00:00","breadcrumb":{"@id":"https:\/\/yinbyjennajulia.com\/nakijyys\/#breadcrumb"},"inLanguage":"en-GB","potentialAction":[{"@type":"ReadAction","target":["https:\/\/yinbyjennajulia.com\/nakijyys\/"]}]},{"@type":"ImageObject","inLanguage":"en-GB","@id":"https:\/\/yinbyjennajulia.com\/nakijyys\/#primaryimage","url":"https:\/\/yinbyjennajulia.com\/wp-content\/uploads\/2026\/03\/1772724000424_1-576x1024.jpg","contentUrl":"https:\/\/yinbyjennajulia.com\/wp-content\/uploads\/2026\/03\/1772724000424_1-576x1024.jpg"},{"@type":"BreadcrumbList","@id":"https:\/\/yinbyjennajulia.com\/nakijyys\/#breadcrumb","itemListElement":[{"@type":"ListItem","position":1,"name":"Home","item":"https:\/\/yinbyjennajulia.com\/"},{"@type":"ListItem","position":2,"name":"N\u00e4kijyys"}]},{"@type":"WebSite","@id":"https:\/\/yinbyjennajulia.com\/#website","url":"https:\/\/yinbyjennajulia.com\/","name":"Yin by Jenna Julia","description":"Joogaretriitit","publisher":{"@id":"https:\/\/yinbyjennajulia.com\/#organization"},"potentialAction":[{"@type":"SearchAction","target":{"@type":"EntryPoint","urlTemplate":"https:\/\/yinbyjennajulia.com\/?s={search_term_string}"},"query-input":{"@type":"PropertyValueSpecification","valueRequired":true,"valueName":"search_term_string"}}],"inLanguage":"en-GB"},{"@type":"Organization","@id":"https:\/\/yinbyjennajulia.com\/#organization","name":"Yin by Jenna Julia","url":"https:\/\/yinbyjennajulia.com\/","logo":{"@type":"ImageObject","inLanguage":"en-GB","@id":"https:\/\/yinbyjennajulia.com\/#\/schema\/logo\/image\/","url":"https:\/\/yinbyjennajulia.com\/wp-content\/uploads\/2025\/02\/Nimeton-malli-2025-02-19T094355.680.png","contentUrl":"https:\/\/yinbyjennajulia.com\/wp-content\/uploads\/2025\/02\/Nimeton-malli-2025-02-19T094355.680.png","width":3125,"height":625,"caption":"Yin by Jenna Julia"},"image":{"@id":"https:\/\/yinbyjennajulia.com\/#\/schema\/logo\/image\/"}}]}},"_links":{"self":[{"href":"https:\/\/yinbyjennajulia.com\/en\/wp-json\/wp\/v2\/pages\/962","targetHints":{"allow":["GET"]}}],"collection":[{"href":"https:\/\/yinbyjennajulia.com\/en\/wp-json\/wp\/v2\/pages"}],"about":[{"href":"https:\/\/yinbyjennajulia.com\/en\/wp-json\/wp\/v2\/types\/page"}],"author":[{"embeddable":true,"href":"https:\/\/yinbyjennajulia.com\/en\/wp-json\/wp\/v2\/users\/2"}],"replies":[{"embeddable":true,"href":"https:\/\/yinbyjennajulia.com\/en\/wp-json\/wp\/v2\/comments?post=962"}],"version-history":[{"count":13,"href":"https:\/\/yinbyjennajulia.com\/en\/wp-json\/wp\/v2\/pages\/962\/revisions"}],"predecessor-version":[{"id":1029,"href":"https:\/\/yinbyjennajulia.com\/en\/wp-json\/wp\/v2\/pages\/962\/revisions\/1029"}],"wp:attachment":[{"href":"https:\/\/yinbyjennajulia.com\/en\/wp-json\/wp\/v2\/media?parent=962"}],"curies":[{"name":"wp","href":"https:\/\/api.w.org\/{rel}","templated":true}]}}