{"id":981,"date":"2026-03-15T17:28:45","date_gmt":"2026-03-15T17:28:45","guid":{"rendered":"https:\/\/yinbyjennajulia.com\/?page_id=981"},"modified":"2026-03-15T18:04:31","modified_gmt":"2026-03-15T18:04:31","slug":"aanimaljahoidot","status":"publish","type":"page","link":"https:\/\/yinbyjennajulia.com\/en\/aanimaljahoidot\/","title":{"rendered":"\u00c4\u00e4nimaljahoidot"},"content":{"rendered":"<div data-elementor-type=\"wp-page\" data-elementor-id=\"981\" class=\"elementor elementor-981\" data-elementor-post-type=\"page\">\n\t\t\t\t<div class=\"elementor-element elementor-element-660f6fc4 e-flex e-con-boxed e-con e-parent\" data-id=\"660f6fc4\" data-element_type=\"container\" data-settings=\"{&quot;background_background&quot;:&quot;classic&quot;}\">\n\t\t\t\t\t<div class=\"e-con-inner\">\n\t\t<div class=\"elementor-element elementor-element-384d70bf e-con-full e-flex e-con e-child\" data-id=\"384d70bf\" data-element_type=\"container\">\n\t\t\t\t<div class=\"elementor-element elementor-element-4c0b6f29 elementor-widget elementor-widget-heading\" data-id=\"4c0b6f29\" data-element_type=\"widget\" data-widget_type=\"heading.default\">\n\t\t\t\t<div class=\"elementor-widget-container\">\n\t\t\t\t\t<h2 class=\"elementor-heading-title elementor-size-default\">\u00c4\u00e4nimaljahoidot<\/h2>\t\t\t\t<\/div>\n\t\t\t\t<\/div>\n\t\t\t\t<div class=\"elementor-element elementor-element-122717f4 elementor-widget elementor-widget-text-editor\" data-id=\"122717f4\" data-element_type=\"widget\" data-widget_type=\"text-editor.default\">\n\t\t\t\t<div class=\"elementor-widget-container\">\n\t\t\t\t\t\t\t\t\t<p>Tarjoan syv\u00e4rentouttavia \u00e4\u00e4nimaljahoitoja yrityksille, hyvinvointip\u00e4iviin sek\u00e4 erilaisiin yksityisiin tapahtumiin.<\/p><p>Kristalli\u00e4\u00e4nimaljojen lempe\u00e4 v\u00e4r\u00e4htely auttaa kehoa ja mielt\u00e4 rauhoittumaan, tukien kokonaisvaltaista hyvinvointia. Hoidossa yhdistyy erilaiset \u00e4\u00e4nimaljat, muut hoitavat instrumentit sek\u00e4 oma \u00e4\u00e4neni.<\/p><p>\u00c4\u00e4nimaljahoito sopii esimerkiksi:<\/p><ul><li>yritysten hyvinvointip\u00e4iviin<\/li><li>ty\u00f6hyvinvointi- ja tiimitapahtumiin<\/li><li>yksityisiin tilaisuuksiin (esim. polttarit)<\/li><li>pienryhmille<\/li><li>kotik\u00e4ynneille<\/li><\/ul><p>\u00a0<\/p><p>Rentoutus voidaan toteuttaa ryhm\u00e4lle ja r\u00e4\u00e4t\u00e4l\u00f6id\u00e4 tapahtuman sek\u00e4 osallistujien mukaan.<\/p><p>Tarjoan \u00e4\u00e4nimaljahoitoja Tampereella ja l\u00e4hialueilla yrityksille, ryhmille ja yksityishenkil\u00f6ille. Sopimuksen mukaan my\u00f6s muualla Suomessa.<\/p><p>Kysy lis\u00e4\u00e4 ja pyyd\u00e4 tarjous s\u00e4hk\u00f6postitse <a href=\"mailto:info@yinbyjennajulia.com\"><span style=\"text-decoration: underline;\">here<\/span><\/a>.<\/p>\t\t\t\t\t\t\t\t<\/div>\n\t\t\t\t<\/div>\n\t\t\t\t<\/div>\n\t\t<div class=\"elementor-element elementor-element-3d40e74a e-con-full e-flex e-con e-child\" data-id=\"3d40e74a\" data-element_type=\"container\">\n\t\t\t\t<div class=\"elementor-element elementor-element-7c195db0 elementor-widget elementor-widget-image\" data-id=\"7c195db0\" data-element_type=\"widget\" data-widget_type=\"image.default\">\n\t\t\t\t<div class=\"elementor-widget-container\">\n\t\t\t\t\t\t\t\t\t\t\t\t\t\t\t<img fetchpriority=\"high\" decoding=\"async\" width=\"771\" height=\"1024\" src=\"https:\/\/yinbyjennajulia.com\/wp-content\/uploads\/2026\/03\/Nayttokuva-2026-03-15-kello-18.42.36-771x1024.png\" class=\"attachment-large size-large wp-image-945\" alt=\"\" srcset=\"https:\/\/yinbyjennajulia.com\/wp-content\/uploads\/2026\/03\/Nayttokuva-2026-03-15-kello-18.42.36-771x1024.png 771w, https:\/\/yinbyjennajulia.com\/wp-content\/uploads\/2026\/03\/Nayttokuva-2026-03-15-kello-18.42.36-226x300.png 226w, https:\/\/yinbyjennajulia.com\/wp-content\/uploads\/2026\/03\/Nayttokuva-2026-03-15-kello-18.42.36-768x1019.png 768w, https:\/\/yinbyjennajulia.com\/wp-content\/uploads\/2026\/03\/Nayttokuva-2026-03-15-kello-18.42.36-1157x1536.png 1157w, https:\/\/yinbyjennajulia.com\/wp-content\/uploads\/2026\/03\/Nayttokuva-2026-03-15-kello-18.42.36-9x12.png 9w, https:\/\/yinbyjennajulia.com\/wp-content\/uploads\/2026\/03\/Nayttokuva-2026-03-15-kello-18.42.36.png 1170w\" sizes=\"(max-width: 771px) 100vw, 771px\" \/>\t\t\t\t\t\t\t\t\t\t\t\t\t\t\t<\/div>\n\t\t\t\t<\/div>\n\t\t\t\t<\/div>\n\t\t\t\t\t<\/div>\n\t\t\t\t<\/div>\n\t\t<div class=\"elementor-element elementor-element-7073e7e8 e-flex e-con-boxed e-con e-parent\" data-id=\"7073e7e8\" data-element_type=\"container\" data-settings=\"{&quot;background_background&quot;:&quot;classic&quot;}\">\n\t\t\t\t\t<div class=\"e-con-inner\">\n\t\t<div class=\"elementor-element elementor-element-52b98792 e-con-full e-flex e-con e-child\" data-id=\"52b98792\" data-element_type=\"container\">\n\t\t\t\t<div class=\"elementor-element elementor-element-2fcf9c88 elementor-widget elementor-widget-text-editor\" data-id=\"2fcf9c88\" data-element_type=\"widget\" data-widget_type=\"text-editor.default\">\n\t\t\t\t<div class=\"elementor-widget-container\">\n\t\t\t\t\t\t\t\t\t<p>\u00a0<\/p><p>Kokemuksia yrityksen hyvinvointip\u00e4iv\u00e4lt\u00e4:<\/p><p class=\"p1\">\u201dT\u00e4m\u00e4 oli paras \u00e4\u00e4nimaljarentoutus miss\u00e4 olen k\u00e4ynyt. Olen aiemmin ollut muutaman eri ohjaajan tunnilla mutta t\u00e4ss\u00e4 oikeasti rentoutui ja tuntui ett\u00e4 jotenkin irtaantui kropastaan mit\u00e4 ei aiemmin ole koskaan k\u00e4ynyt. My\u00f6s korttien nostaminen lopussa oli kiva juttu. Kiitos :)\u201d<\/p><p class=\"p1\">\u201dJenna sai luotua meid\u00e4n toimistotiloihin tunnelmallisen fiiliksen, jossa pystyi rentoutumaan ja siirt\u00e4m\u00e4\u00e4n kaiken muun hetkellisesti sivuun. Osallistuisin ilomielin tunnille uudestaan :)\u201d<\/p><p class=\"p1\">\u201dIhana hetki ty\u00f6p\u00e4iv\u00e4n ja viikon p\u00e4\u00e4tteeksi. En ollut ennen ollut, joten uusi kokemus. En muista koska olisin nukkunut yht\u00e4 hyvin kuin viikonloppuna, joten aion ehdottomasti menn\u00e4 \u00e4\u00e4nimaljarentoutukseen joskus toistekkin.\u201d<\/p><p class=\"p1\">\u201dOli tosi kiva rentoutus \ud83d\ude42 en ollut aiemmin k\u00e4ynyt, joten oli mielenkiintoinen kokemus. Ensin luulin ett\u00e4 en pysty rentoutumaan, mutta sitten ihan yht\u00e4kki\u00e4 napsauttamalla rentouduin ja my\u00f6s nukahdin \ud83d\ude42 Kiitos, oli kiva kokemus!\u201d<\/p>\t\t\t\t\t\t\t\t<\/div>\n\t\t\t\t<\/div>\n\t\t\t\t<\/div>\n\t\t\t\t\t<\/div>\n\t\t\t\t<\/div>\n\t\t\t\t<\/div>","protected":false},"excerpt":{"rendered":"<p>\u00c4\u00e4nimaljahoidot Tarjoan syv\u00e4rentouttavia \u00e4\u00e4nimaljahoitoja yrityksille, hyvinvointip\u00e4iviin sek\u00e4 erilaisiin yksityisiin tapahtumiin. Kristalli\u00e4\u00e4nimaljojen lempe\u00e4 v\u00e4r\u00e4htely auttaa kehoa ja mielt\u00e4 rauhoittumaan, tukien kokonaisvaltaista hyvinvointia. Hoidossa yhdistyy erilaiset \u00e4\u00e4nimaljat, muut hoitavat instrumentit sek\u00e4 oma \u00e4\u00e4neni. \u00c4\u00e4nimaljahoito sopii esimerkiksi: yritysten hyvinvointip\u00e4iviin ty\u00f6hyvinvointi- ja tiimitapahtumiin yksityisiin tilaisuuksiin (esim. polttarit) pienryhmille kotik\u00e4ynneille \u00a0 Rentoutus voidaan toteuttaa ryhm\u00e4lle ja r\u00e4\u00e4t\u00e4l\u00f6id\u00e4 tapahtuman sek\u00e4 osallistujien [&hellip;]<\/p>","protected":false},"author":2,"featured_media":0,"parent":0,"menu_order":0,"comment_status":"closed","ping_status":"closed","template":"","meta":{"footnotes":""},"class_list":["post-981","page","type-page","status-publish","hentry"],"yoast_head":"<!-- This site is optimized with the Yoast SEO plugin v24.7 - https:\/\/yoast.com\/wordpress\/plugins\/seo\/ -->\n<title>\u00c4\u00e4nimaljahoidot - Yin by Jenna Julia<\/title>\n<meta name=\"robots\" content=\"index, follow, max-snippet:-1, max-image-preview:large, max-video-preview:-1\" \/>\n<link rel=\"canonical\" href=\"https:\/\/yinbyjennajulia.com\/en\/aanimaljahoidot\/\" \/>\n<meta property=\"og:locale\" content=\"en_GB\" \/>\n<meta property=\"og:type\" content=\"article\" \/>\n<meta property=\"og:title\" content=\"\u00c4\u00e4nimaljahoidot - Yin by Jenna Julia\" \/>\n<meta property=\"og:description\" content=\"\u00c4\u00e4nimaljahoidot Tarjoan syv\u00e4rentouttavia \u00e4\u00e4nimaljahoitoja yrityksille, hyvinvointip\u00e4iviin sek\u00e4 erilaisiin yksityisiin tapahtumiin. Kristalli\u00e4\u00e4nimaljojen lempe\u00e4 v\u00e4r\u00e4htely auttaa kehoa ja mielt\u00e4 rauhoittumaan, tukien kokonaisvaltaista hyvinvointia. Hoidossa yhdistyy erilaiset \u00e4\u00e4nimaljat, muut hoitavat instrumentit sek\u00e4 oma \u00e4\u00e4neni. \u00c4\u00e4nimaljahoito sopii esimerkiksi: yritysten hyvinvointip\u00e4iviin ty\u00f6hyvinvointi- ja tiimitapahtumiin yksityisiin tilaisuuksiin (esim. polttarit) pienryhmille kotik\u00e4ynneille \u00a0 Rentoutus voidaan toteuttaa ryhm\u00e4lle ja r\u00e4\u00e4t\u00e4l\u00f6id\u00e4 tapahtuman sek\u00e4 osallistujien [&hellip;]\" \/>\n<meta property=\"og:url\" content=\"https:\/\/yinbyjennajulia.com\/en\/aanimaljahoidot\/\" \/>\n<meta property=\"og:site_name\" content=\"Yin by Jenna Julia\" \/>\n<meta property=\"article:modified_time\" content=\"2026-03-15T18:04:31+00:00\" \/>\n<meta property=\"og:image\" content=\"https:\/\/yinbyjennajulia.com\/wp-content\/uploads\/2026\/03\/Nayttokuva-2026-03-15-kello-18.42.36-771x1024.png\" \/>\n\t<meta property=\"og:image:width\" content=\"771\" \/>\n\t<meta property=\"og:image:height\" content=\"1024\" \/>\n\t<meta property=\"og:image:type\" content=\"image\/png\" \/>\n<meta name=\"twitter:card\" content=\"summary_large_image\" \/>\n<meta name=\"twitter:label1\" content=\"Estimated reading time\" \/>\n\t<meta name=\"twitter:data1\" content=\"2 minutes\" \/>\n<script type=\"application\/ld+json\" class=\"yoast-schema-graph\">{\"@context\":\"https:\/\/schema.org\",\"@graph\":[{\"@type\":\"WebPage\",\"@id\":\"https:\/\/yinbyjennajulia.com\/aanimaljahoidot\/\",\"url\":\"https:\/\/yinbyjennajulia.com\/aanimaljahoidot\/\",\"name\":\"\u00c4\u00e4nimaljahoidot - Yin by Jenna Julia\",\"isPartOf\":{\"@id\":\"https:\/\/yinbyjennajulia.com\/#website\"},\"primaryImageOfPage\":{\"@id\":\"https:\/\/yinbyjennajulia.com\/aanimaljahoidot\/#primaryimage\"},\"image\":{\"@id\":\"https:\/\/yinbyjennajulia.com\/aanimaljahoidot\/#primaryimage\"},\"thumbnailUrl\":\"https:\/\/yinbyjennajulia.com\/wp-content\/uploads\/2026\/03\/Nayttokuva-2026-03-15-kello-18.42.36-771x1024.png\",\"datePublished\":\"2026-03-15T17:28:45+00:00\",\"dateModified\":\"2026-03-15T18:04:31+00:00\",\"breadcrumb\":{\"@id\":\"https:\/\/yinbyjennajulia.com\/aanimaljahoidot\/#breadcrumb\"},\"inLanguage\":\"en-GB\",\"potentialAction\":[{\"@type\":\"ReadAction\",\"target\":[\"https:\/\/yinbyjennajulia.com\/aanimaljahoidot\/\"]}]},{\"@type\":\"ImageObject\",\"inLanguage\":\"en-GB\",\"@id\":\"https:\/\/yinbyjennajulia.com\/aanimaljahoidot\/#primaryimage\",\"url\":\"https:\/\/yinbyjennajulia.com\/wp-content\/uploads\/2026\/03\/Nayttokuva-2026-03-15-kello-18.42.36-771x1024.png\",\"contentUrl\":\"https:\/\/yinbyjennajulia.com\/wp-content\/uploads\/2026\/03\/Nayttokuva-2026-03-15-kello-18.42.36-771x1024.png\"},{\"@type\":\"BreadcrumbList\",\"@id\":\"https:\/\/yinbyjennajulia.com\/aanimaljahoidot\/#breadcrumb\",\"itemListElement\":[{\"@type\":\"ListItem\",\"position\":1,\"name\":\"Home\",\"item\":\"https:\/\/yinbyjennajulia.com\/\"},{\"@type\":\"ListItem\",\"position\":2,\"name\":\"\u00c4\u00e4nimaljahoidot\"}]},{\"@type\":\"WebSite\",\"@id\":\"https:\/\/yinbyjennajulia.com\/#website\",\"url\":\"https:\/\/yinbyjennajulia.com\/\",\"name\":\"Yin by Jenna Julia\",\"description\":\"Joogaretriitit\",\"publisher\":{\"@id\":\"https:\/\/yinbyjennajulia.com\/#organization\"},\"potentialAction\":[{\"@type\":\"SearchAction\",\"target\":{\"@type\":\"EntryPoint\",\"urlTemplate\":\"https:\/\/yinbyjennajulia.com\/?s={search_term_string}\"},\"query-input\":{\"@type\":\"PropertyValueSpecification\",\"valueRequired\":true,\"valueName\":\"search_term_string\"}}],\"inLanguage\":\"en-GB\"},{\"@type\":\"Organization\",\"@id\":\"https:\/\/yinbyjennajulia.com\/#organization\",\"name\":\"Yin by Jenna Julia\",\"url\":\"https:\/\/yinbyjennajulia.com\/\",\"logo\":{\"@type\":\"ImageObject\",\"inLanguage\":\"en-GB\",\"@id\":\"https:\/\/yinbyjennajulia.com\/#\/schema\/logo\/image\/\",\"url\":\"https:\/\/yinbyjennajulia.com\/wp-content\/uploads\/2025\/02\/Nimeton-malli-2025-02-19T094355.680.png\",\"contentUrl\":\"https:\/\/yinbyjennajulia.com\/wp-content\/uploads\/2025\/02\/Nimeton-malli-2025-02-19T094355.680.png\",\"width\":3125,\"height\":625,\"caption\":\"Yin by Jenna Julia\"},\"image\":{\"@id\":\"https:\/\/yinbyjennajulia.com\/#\/schema\/logo\/image\/\"}}]}<\/script>\n<!-- \/ Yoast SEO plugin. -->","yoast_head_json":{"title":"\u00c4\u00e4nimaljahoidot - Yin by Jenna Julia","robots":{"index":"index","follow":"follow","max-snippet":"max-snippet:-1","max-image-preview":"max-image-preview:large","max-video-preview":"max-video-preview:-1"},"canonical":"https:\/\/yinbyjennajulia.com\/en\/aanimaljahoidot\/","og_locale":"en_GB","og_type":"article","og_title":"\u00c4\u00e4nimaljahoidot - Yin by Jenna Julia","og_description":"\u00c4\u00e4nimaljahoidot Tarjoan syv\u00e4rentouttavia \u00e4\u00e4nimaljahoitoja yrityksille, hyvinvointip\u00e4iviin sek\u00e4 erilaisiin yksityisiin tapahtumiin. Kristalli\u00e4\u00e4nimaljojen lempe\u00e4 v\u00e4r\u00e4htely auttaa kehoa ja mielt\u00e4 rauhoittumaan, tukien kokonaisvaltaista hyvinvointia. Hoidossa yhdistyy erilaiset \u00e4\u00e4nimaljat, muut hoitavat instrumentit sek\u00e4 oma \u00e4\u00e4neni. \u00c4\u00e4nimaljahoito sopii esimerkiksi: yritysten hyvinvointip\u00e4iviin ty\u00f6hyvinvointi- ja tiimitapahtumiin yksityisiin tilaisuuksiin (esim. polttarit) pienryhmille kotik\u00e4ynneille \u00a0 Rentoutus voidaan toteuttaa ryhm\u00e4lle ja r\u00e4\u00e4t\u00e4l\u00f6id\u00e4 tapahtuman sek\u00e4 osallistujien [&hellip;]","og_url":"https:\/\/yinbyjennajulia.com\/en\/aanimaljahoidot\/","og_site_name":"Yin by Jenna Julia","article_modified_time":"2026-03-15T18:04:31+00:00","og_image":[{"width":771,"height":1024,"url":"https:\/\/yinbyjennajulia.com\/wp-content\/uploads\/2026\/03\/Nayttokuva-2026-03-15-kello-18.42.36-771x1024.png","type":"image\/png"}],"twitter_card":"summary_large_image","twitter_misc":{"Estimated reading time":"2 minutes"},"schema":{"@context":"https:\/\/schema.org","@graph":[{"@type":"WebPage","@id":"https:\/\/yinbyjennajulia.com\/aanimaljahoidot\/","url":"https:\/\/yinbyjennajulia.com\/aanimaljahoidot\/","name":"\u00c4\u00e4nimaljahoidot - Yin by Jenna Julia","isPartOf":{"@id":"https:\/\/yinbyjennajulia.com\/#website"},"primaryImageOfPage":{"@id":"https:\/\/yinbyjennajulia.com\/aanimaljahoidot\/#primaryimage"},"image":{"@id":"https:\/\/yinbyjennajulia.com\/aanimaljahoidot\/#primaryimage"},"thumbnailUrl":"https:\/\/yinbyjennajulia.com\/wp-content\/uploads\/2026\/03\/Nayttokuva-2026-03-15-kello-18.42.36-771x1024.png","datePublished":"2026-03-15T17:28:45+00:00","dateModified":"2026-03-15T18:04:31+00:00","breadcrumb":{"@id":"https:\/\/yinbyjennajulia.com\/aanimaljahoidot\/#breadcrumb"},"inLanguage":"en-GB","potentialAction":[{"@type":"ReadAction","target":["https:\/\/yinbyjennajulia.com\/aanimaljahoidot\/"]}]},{"@type":"ImageObject","inLanguage":"en-GB","@id":"https:\/\/yinbyjennajulia.com\/aanimaljahoidot\/#primaryimage","url":"https:\/\/yinbyjennajulia.com\/wp-content\/uploads\/2026\/03\/Nayttokuva-2026-03-15-kello-18.42.36-771x1024.png","contentUrl":"https:\/\/yinbyjennajulia.com\/wp-content\/uploads\/2026\/03\/Nayttokuva-2026-03-15-kello-18.42.36-771x1024.png"},{"@type":"BreadcrumbList","@id":"https:\/\/yinbyjennajulia.com\/aanimaljahoidot\/#breadcrumb","itemListElement":[{"@type":"ListItem","position":1,"name":"Home","item":"https:\/\/yinbyjennajulia.com\/"},{"@type":"ListItem","position":2,"name":"\u00c4\u00e4nimaljahoidot"}]},{"@type":"WebSite","@id":"https:\/\/yinbyjennajulia.com\/#website","url":"https:\/\/yinbyjennajulia.com\/","name":"Yin by Jenna Julia","description":"Joogaretriitit","publisher":{"@id":"https:\/\/yinbyjennajulia.com\/#organization"},"potentialAction":[{"@type":"SearchAction","target":{"@type":"EntryPoint","urlTemplate":"https:\/\/yinbyjennajulia.com\/?s={search_term_string}"},"query-input":{"@type":"PropertyValueSpecification","valueRequired":true,"valueName":"search_term_string"}}],"inLanguage":"en-GB"},{"@type":"Organization","@id":"https:\/\/yinbyjennajulia.com\/#organization","name":"Yin by Jenna Julia","url":"https:\/\/yinbyjennajulia.com\/","logo":{"@type":"ImageObject","inLanguage":"en-GB","@id":"https:\/\/yinbyjennajulia.com\/#\/schema\/logo\/image\/","url":"https:\/\/yinbyjennajulia.com\/wp-content\/uploads\/2025\/02\/Nimeton-malli-2025-02-19T094355.680.png","contentUrl":"https:\/\/yinbyjennajulia.com\/wp-content\/uploads\/2025\/02\/Nimeton-malli-2025-02-19T094355.680.png","width":3125,"height":625,"caption":"Yin by Jenna Julia"},"image":{"@id":"https:\/\/yinbyjennajulia.com\/#\/schema\/logo\/image\/"}}]}},"_links":{"self":[{"href":"https:\/\/yinbyjennajulia.com\/en\/wp-json\/wp\/v2\/pages\/981","targetHints":{"allow":["GET"]}}],"collection":[{"href":"https:\/\/yinbyjennajulia.com\/en\/wp-json\/wp\/v2\/pages"}],"about":[{"href":"https:\/\/yinbyjennajulia.com\/en\/wp-json\/wp\/v2\/types\/page"}],"author":[{"embeddable":true,"href":"https:\/\/yinbyjennajulia.com\/en\/wp-json\/wp\/v2\/users\/2"}],"replies":[{"embeddable":true,"href":"https:\/\/yinbyjennajulia.com\/en\/wp-json\/wp\/v2\/comments?post=981"}],"version-history":[{"count":16,"href":"https:\/\/yinbyjennajulia.com\/en\/wp-json\/wp\/v2\/pages\/981\/revisions"}],"predecessor-version":[{"id":1016,"href":"https:\/\/yinbyjennajulia.com\/en\/wp-json\/wp\/v2\/pages\/981\/revisions\/1016"}],"wp:attachment":[{"href":"https:\/\/yinbyjennajulia.com\/en\/wp-json\/wp\/v2\/media?parent=981"}],"curies":[{"name":"wp","href":"https:\/\/api.w.org\/{rel}","templated":true}]}}